{"id":305,"date":"2017-04-08T12:02:55","date_gmt":"2017-04-08T12:02:55","guid":{"rendered":"https:\/\/benda-interiors.com\/shop\/?product=impragnierung-fur-leder-und-textilien"},"modified":"2023-09-18T15:34:29","modified_gmt":"2023-09-18T13:34:29","slug":"impragnierung-fur-leder-und-textilien","status":"publish","type":"product","link":"https:\/\/benda-interiors.com\/shop\/produkt\/impragnierung-fur-leder-und-textilien\/","title":{"rendered":"Impr\u00e4gnierung f\u00fcr Leder und Textilien"},"content":{"rendered":"Die Impr\u00e4gnierung ist ein schonender Fleckenschutz f\u00fcr empfindliche Textilien, Nubuk- und Velourleder.\r\n\r\nDie Funktion von einem Impr\u00e4gnierer ist die Oberfl\u00e4che wasserabweisend zu machen.\r\n\r\nImpr\u00e4gnierungen haben keine Pflegefunktion\r\n\r\n&nbsp;","protected":false},"excerpt":{"rendered":"Die Impr\u00e4gnierung ist ein schonender Fleckenschutz f\u00fcr empfindliche Textilien, Nubuk- und Velourleder.\r\n\r\nDie Funktion von einem Impr\u00e4gnierer ist die Oberfl\u00e4che wasserabweisend zu machen.\r\n\r\nImpr\u00e4gnierungen haben keine Pflegefunktion\r\n\r\n&nbsp;","protected":false},"featured_media":306,"comment_status":"open","ping_status":"closed","template":"","meta":{"_acf_changed":false},"product_cat":[15],"product_tag":[],"acf":[],"yoast_head":"<!-- This site is optimized with the Yoast SEO plugin v22.5 - https:\/\/yoast.com\/wordpress\/plugins\/seo\/ -->\n<title>Textile Imprr\u00e4gnierung<\/title>\n<meta name=\"description\" content=\"Innenraum Sitze impr\u00e4gnierung\" \/>\n<meta name=\"robots\" content=\"noindex, follow, max-snippet:-1, max-image-preview:large, max-video-preview:-1\" \/>\n<meta property=\"og:locale\" content=\"de_DE\" \/>\n<meta property=\"og:type\" content=\"article\" \/>\n<meta property=\"og:title\" content=\"Textile Imprr\u00e4gnierung\" \/>\n<meta property=\"og:description\" content=\"Innenraum Sitze impr\u00e4gnierung\" \/>\n<meta property=\"og:url\" content=\"https:\/\/benda-interiors.com\/shop\/produkt\/impragnierung-fur-leder-und-textilien\/\" \/>\n<meta property=\"og:site_name\" content=\"BENDA Interiors Shop\" \/>\n<meta property=\"article:modified_time\" content=\"2023-09-18T13:34:29+00:00\" \/>\n<meta property=\"og:image\" content=\"https:\/\/benda-interiors.com\/shop\/wp-content\/uploads\/sites\/2\/sites\/2\/2023\/09\/impraegnierung_200_d_600x600.png\" \/>\n\t<meta property=\"og:image:width\" content=\"153\" \/>\n\t<meta property=\"og:image:height\" content=\"153\" \/>\n\t<meta property=\"og:image:type\" content=\"image\/png\" \/>\n<meta name=\"twitter:card\" content=\"summary_large_image\" \/>\n<meta name=\"twitter:label1\" content=\"Gesch\u00e4tzte Lesezeit\" \/>\n\t<meta name=\"twitter:data1\" content=\"1\u00a0Minute\" \/>\n<script type=\"application\/ld+json\" class=\"yoast-schema-graph\">{\"@context\":\"https:\/\/schema.org\",\"@graph\":[{\"@type\":\"WebPage\",\"@id\":\"https:\/\/benda-interiors.com\/shop\/produkt\/impragnierung-fur-leder-und-textilien\/\",\"url\":\"https:\/\/benda-interiors.com\/shop\/produkt\/impragnierung-fur-leder-und-textilien\/\",\"name\":\"Textile Imprr\u00e4gnierung\",\"isPartOf\":{\"@id\":\"https:\/\/benda-interiors.com\/shop\/#website\"},\"primaryImageOfPage\":{\"@id\":\"https:\/\/benda-interiors.com\/shop\/produkt\/impragnierung-fur-leder-und-textilien\/#primaryimage\"},\"image\":{\"@id\":\"https:\/\/benda-interiors.com\/shop\/produkt\/impragnierung-fur-leder-und-textilien\/#primaryimage\"},\"thumbnailUrl\":\"https:\/\/benda-interiors.com\/shop\/wp-content\/uploads\/sites\/2\/sites\/2\/2023\/09\/impraegnierung_200_d_600x600.png\",\"datePublished\":\"2017-04-08T12:02:55+00:00\",\"dateModified\":\"2023-09-18T13:34:29+00:00\",\"description\":\"Innenraum Sitze impr\u00e4gnierung\",\"breadcrumb\":{\"@id\":\"https:\/\/benda-interiors.com\/shop\/produkt\/impragnierung-fur-leder-und-textilien\/#breadcrumb\"},\"inLanguage\":\"de\",\"potentialAction\":[{\"@type\":\"ReadAction\",\"target\":[\"https:\/\/benda-interiors.com\/shop\/produkt\/impragnierung-fur-leder-und-textilien\/\"]}]},{\"@type\":\"ImageObject\",\"inLanguage\":\"de\",\"@id\":\"https:\/\/benda-interiors.com\/shop\/produkt\/impragnierung-fur-leder-und-textilien\/#primaryimage\",\"url\":\"https:\/\/benda-interiors.com\/shop\/wp-content\/uploads\/sites\/2\/sites\/2\/2023\/09\/impraegnierung_200_d_600x600.png\",\"contentUrl\":\"https:\/\/benda-interiors.com\/shop\/wp-content\/uploads\/sites\/2\/sites\/2\/2023\/09\/impraegnierung_200_d_600x600.png\",\"width\":153,\"height\":153},{\"@type\":\"BreadcrumbList\",\"@id\":\"https:\/\/benda-interiors.com\/shop\/produkt\/impragnierung-fur-leder-und-textilien\/#breadcrumb\",\"itemListElement\":[{\"@type\":\"ListItem\",\"position\":1,\"name\":\"Startseite\",\"item\":\"https:\/\/benda-interiors.com\/shop\/\"},{\"@type\":\"ListItem\",\"position\":2,\"name\":\"Shop\",\"item\":\"https:\/\/benda-interiors.com\/shop\/\"},{\"@type\":\"ListItem\",\"position\":3,\"name\":\"Impr\u00e4gnierung f\u00fcr Leder und Textilien\"}]},{\"@type\":\"WebSite\",\"@id\":\"https:\/\/benda-interiors.com\/shop\/#website\",\"url\":\"https:\/\/benda-interiors.com\/shop\/\",\"name\":\"BENDA Interiors Shop\",\"description\":\"\",\"potentialAction\":[{\"@type\":\"SearchAction\",\"target\":{\"@type\":\"EntryPoint\",\"urlTemplate\":\"https:\/\/benda-interiors.com\/shop\/?s={search_term_string}\"},\"query-input\":\"required name=search_term_string\"}],\"inLanguage\":\"de\"}]}<\/script>\n<!-- \/ Yoast SEO plugin. -->","yoast_head_json":{"title":"Textile Imprr\u00e4gnierung","description":"Innenraum Sitze impr\u00e4gnierung","robots":{"index":"noindex","follow":"follow","max-snippet":"max-snippet:-1","max-image-preview":"max-image-preview:large","max-video-preview":"max-video-preview:-1"},"og_locale":"de_DE","og_type":"article","og_title":"Textile Imprr\u00e4gnierung","og_description":"Innenraum Sitze impr\u00e4gnierung","og_url":"https:\/\/benda-interiors.com\/shop\/produkt\/impragnierung-fur-leder-und-textilien\/","og_site_name":"BENDA Interiors Shop","article_modified_time":"2023-09-18T13:34:29+00:00","og_image":[{"width":153,"height":153,"url":"https:\/\/benda-interiors.com\/shop\/wp-content\/uploads\/sites\/2\/sites\/2\/2023\/09\/impraegnierung_200_d_600x600.png","type":"image\/png"}],"twitter_card":"summary_large_image","twitter_misc":{"Gesch\u00e4tzte Lesezeit":"1\u00a0Minute"},"schema":{"@context":"https:\/\/schema.org","@graph":[{"@type":"WebPage","@id":"https:\/\/benda-interiors.com\/shop\/produkt\/impragnierung-fur-leder-und-textilien\/","url":"https:\/\/benda-interiors.com\/shop\/produkt\/impragnierung-fur-leder-und-textilien\/","name":"Textile Imprr\u00e4gnierung","isPartOf":{"@id":"https:\/\/benda-interiors.com\/shop\/#website"},"primaryImageOfPage":{"@id":"https:\/\/benda-interiors.com\/shop\/produkt\/impragnierung-fur-leder-und-textilien\/#primaryimage"},"image":{"@id":"https:\/\/benda-interiors.com\/shop\/produkt\/impragnierung-fur-leder-und-textilien\/#primaryimage"},"thumbnailUrl":"https:\/\/benda-interiors.com\/shop\/wp-content\/uploads\/sites\/2\/sites\/2\/2023\/09\/impraegnierung_200_d_600x600.png","datePublished":"2017-04-08T12:02:55+00:00","dateModified":"2023-09-18T13:34:29+00:00","description":"Innenraum Sitze impr\u00e4gnierung","breadcrumb":{"@id":"https:\/\/benda-interiors.com\/shop\/produkt\/impragnierung-fur-leder-und-textilien\/#breadcrumb"},"inLanguage":"de","potentialAction":[{"@type":"ReadAction","target":["https:\/\/benda-interiors.com\/shop\/produkt\/impragnierung-fur-leder-und-textilien\/"]}]},{"@type":"ImageObject","inLanguage":"de","@id":"https:\/\/benda-interiors.com\/shop\/produkt\/impragnierung-fur-leder-und-textilien\/#primaryimage","url":"https:\/\/benda-interiors.com\/shop\/wp-content\/uploads\/sites\/2\/sites\/2\/2023\/09\/impraegnierung_200_d_600x600.png","contentUrl":"https:\/\/benda-interiors.com\/shop\/wp-content\/uploads\/sites\/2\/sites\/2\/2023\/09\/impraegnierung_200_d_600x600.png","width":153,"height":153},{"@type":"BreadcrumbList","@id":"https:\/\/benda-interiors.com\/shop\/produkt\/impragnierung-fur-leder-und-textilien\/#breadcrumb","itemListElement":[{"@type":"ListItem","position":1,"name":"Startseite","item":"https:\/\/benda-interiors.com\/shop\/"},{"@type":"ListItem","position":2,"name":"Shop","item":"https:\/\/benda-interiors.com\/shop\/"},{"@type":"ListItem","position":3,"name":"Impr\u00e4gnierung f\u00fcr Leder und Textilien"}]},{"@type":"WebSite","@id":"https:\/\/benda-interiors.com\/shop\/#website","url":"https:\/\/benda-interiors.com\/shop\/","name":"BENDA Interiors Shop","description":"","potentialAction":[{"@type":"SearchAction","target":{"@type":"EntryPoint","urlTemplate":"https:\/\/benda-interiors.com\/shop\/?s={search_term_string}"},"query-input":"required name=search_term_string"}],"inLanguage":"de"}]}},"_links":{"self":[{"href":"https:\/\/benda-interiors.com\/shop\/wp-json\/wp\/v2\/product\/305"}],"collection":[{"href":"https:\/\/benda-interiors.com\/shop\/wp-json\/wp\/v2\/product"}],"about":[{"href":"https:\/\/benda-interiors.com\/shop\/wp-json\/wp\/v2\/types\/product"}],"replies":[{"embeddable":true,"href":"https:\/\/benda-interiors.com\/shop\/wp-json\/wp\/v2\/comments?post=305"}],"wp:featuredmedia":[{"embeddable":true,"href":"https:\/\/benda-interiors.com\/shop\/wp-json\/wp\/v2\/media\/306"}],"wp:attachment":[{"href":"https:\/\/benda-interiors.com\/shop\/wp-json\/wp\/v2\/media?parent=305"}],"wp:term":[{"taxonomy":"product_cat","embeddable":true,"href":"https:\/\/benda-interiors.com\/shop\/wp-json\/wp\/v2\/product_cat?post=305"},{"taxonomy":"product_tag","embeddable":true,"href":"https:\/\/benda-interiors.com\/shop\/wp-json\/wp\/v2\/product_tag?post=305"}],"curies":[{"name":"wp","href":"https:\/\/api.w.org\/{rel}","templated":true}]}}