{"id":572,"date":"2023-09-01T16:32:02","date_gmt":"2023-09-01T14:32:02","guid":{"rendered":"https:\/\/benda-interiors.com\/shop\/?post_type=product&#038;p=572"},"modified":"2023-09-18T15:28:58","modified_gmt":"2023-09-18T13:28:58","slug":"carbon-interior-trims-suitable-for-bentley-continental-gt-i-send-my-parts-a-high-gloss-forged","status":"publish","type":"product","link":"https:\/\/benda-interiors.com\/shop\/produkt\/carbon-interior-trims-suitable-for-bentley-continental-gt-i-send-my-parts-a-high-gloss-forged\/","title":{"rendered":"Carbon Interior Strips Suitable for Bentley Continental GT"},"content":{"rendered":"Carbon Laminierung f\u00fcr Ihren Bentley.\r\n\r\nIn dem Angebot werden Ihre Orginale Interieurleisten mit echtem Carbon in der OEM Qualit\u00e4t laminiert.\r\n\r\nAbwicklung:\r\nSie schicken uns Ihre Interieurleisten zu oder vereinbaren ein Termin mit uns und wir \u00fcbernehmen die Montage.","protected":false},"excerpt":{"rendered":"Carbon Laminierung f\u00fcr Ihren Bentley.\r\n\r\nIn dem Angebot werden Ihre Orginale Interieurleisten mit echtem Carbon in der OEM Qualit\u00e4t laminiert.\r\n\r\nAbwicklung:\r\nSie schicken uns Ihre Interieurleisten zu oder vereinbaren ein Termin mit uns und wir \u00fcbernehmen die Montage.","protected":false},"featured_media":575,"comment_status":"open","ping_status":"closed","template":"","meta":{"_acf_changed":false},"product_cat":[15],"product_tag":[],"acf":[],"yoast_head":"<!-- This site is optimized with the Yoast SEO plugin v22.5 - https:\/\/yoast.com\/wordpress\/plugins\/seo\/ -->\n<title>Carbon Interior Strips Suitable for Bentley Continental GT - BENDA Interiors Shop<\/title>\n<meta name=\"robots\" content=\"noindex, follow, max-snippet:-1, max-image-preview:large, max-video-preview:-1\" \/>\n<meta property=\"og:locale\" content=\"de_DE\" \/>\n<meta property=\"og:type\" content=\"article\" \/>\n<meta property=\"og:title\" content=\"Carbon Interior Strips Suitable for Bentley Continental GT - BENDA Interiors Shop\" \/>\n<meta property=\"og:description\" content=\"Carbon Laminierung f\u00fcr Ihren Bentley.  In dem Angebot werden Ihre Orginale Interieurleisten mit echtem Carbon in der OEM Qualit\u00e4t laminiert.  Abwicklung: Sie schicken uns Ihre Interieurleisten zu oder vereinbaren ein Termin mit uns und wir \u00fcbernehmen die Montage.\" \/>\n<meta property=\"og:url\" content=\"https:\/\/benda-interiors.com\/shop\/produkt\/carbon-interior-trims-suitable-for-bentley-continental-gt-i-send-my-parts-a-high-gloss-forged\/\" \/>\n<meta property=\"og:site_name\" content=\"BENDA Interiors Shop\" \/>\n<meta property=\"article:modified_time\" content=\"2023-09-18T13:28:58+00:00\" \/>\n<meta property=\"og:image\" content=\"https:\/\/benda-interiors.com\/shop\/wp-content\/uploads\/sites\/2\/2023\/09\/IMG_1257.jpg\" \/>\n\t<meta property=\"og:image:width\" content=\"1600\" \/>\n\t<meta property=\"og:image:height\" content=\"898\" \/>\n\t<meta property=\"og:image:type\" content=\"image\/jpeg\" \/>\n<meta name=\"twitter:card\" content=\"summary_large_image\" \/>\n<meta name=\"twitter:label1\" content=\"Gesch\u00e4tzte Lesezeit\" \/>\n\t<meta name=\"twitter:data1\" content=\"1\u00a0Minute\" \/>\n<script type=\"application\/ld+json\" class=\"yoast-schema-graph\">{\"@context\":\"https:\/\/schema.org\",\"@graph\":[{\"@type\":\"WebPage\",\"@id\":\"https:\/\/benda-interiors.com\/shop\/produkt\/carbon-interior-trims-suitable-for-bentley-continental-gt-i-send-my-parts-a-high-gloss-forged\/\",\"url\":\"https:\/\/benda-interiors.com\/shop\/produkt\/carbon-interior-trims-suitable-for-bentley-continental-gt-i-send-my-parts-a-high-gloss-forged\/\",\"name\":\"Carbon Interior Strips Suitable for Bentley Continental GT - BENDA Interiors Shop\",\"isPartOf\":{\"@id\":\"https:\/\/benda-interiors.com\/shop\/#website\"},\"primaryImageOfPage\":{\"@id\":\"https:\/\/benda-interiors.com\/shop\/produkt\/carbon-interior-trims-suitable-for-bentley-continental-gt-i-send-my-parts-a-high-gloss-forged\/#primaryimage\"},\"image\":{\"@id\":\"https:\/\/benda-interiors.com\/shop\/produkt\/carbon-interior-trims-suitable-for-bentley-continental-gt-i-send-my-parts-a-high-gloss-forged\/#primaryimage\"},\"thumbnailUrl\":\"https:\/\/benda-interiors.com\/shop\/wp-content\/uploads\/sites\/2\/2023\/09\/IMG_1257.jpg\",\"datePublished\":\"2023-09-01T14:32:02+00:00\",\"dateModified\":\"2023-09-18T13:28:58+00:00\",\"breadcrumb\":{\"@id\":\"https:\/\/benda-interiors.com\/shop\/produkt\/carbon-interior-trims-suitable-for-bentley-continental-gt-i-send-my-parts-a-high-gloss-forged\/#breadcrumb\"},\"inLanguage\":\"de\",\"potentialAction\":[{\"@type\":\"ReadAction\",\"target\":[\"https:\/\/benda-interiors.com\/shop\/produkt\/carbon-interior-trims-suitable-for-bentley-continental-gt-i-send-my-parts-a-high-gloss-forged\/\"]}]},{\"@type\":\"ImageObject\",\"inLanguage\":\"de\",\"@id\":\"https:\/\/benda-interiors.com\/shop\/produkt\/carbon-interior-trims-suitable-for-bentley-continental-gt-i-send-my-parts-a-high-gloss-forged\/#primaryimage\",\"url\":\"https:\/\/benda-interiors.com\/shop\/wp-content\/uploads\/sites\/2\/2023\/09\/IMG_1257.jpg\",\"contentUrl\":\"https:\/\/benda-interiors.com\/shop\/wp-content\/uploads\/sites\/2\/2023\/09\/IMG_1257.jpg\",\"width\":1600,\"height\":898},{\"@type\":\"BreadcrumbList\",\"@id\":\"https:\/\/benda-interiors.com\/shop\/produkt\/carbon-interior-trims-suitable-for-bentley-continental-gt-i-send-my-parts-a-high-gloss-forged\/#breadcrumb\",\"itemListElement\":[{\"@type\":\"ListItem\",\"position\":1,\"name\":\"Startseite\",\"item\":\"https:\/\/benda-interiors.com\/shop\/\"},{\"@type\":\"ListItem\",\"position\":2,\"name\":\"Shop\",\"item\":\"https:\/\/benda-interiors.com\/shop\/\"},{\"@type\":\"ListItem\",\"position\":3,\"name\":\"Carbon Interior Strips Suitable for Bentley Continental GT\"}]},{\"@type\":\"WebSite\",\"@id\":\"https:\/\/benda-interiors.com\/shop\/#website\",\"url\":\"https:\/\/benda-interiors.com\/shop\/\",\"name\":\"BENDA Interiors Shop\",\"description\":\"\",\"potentialAction\":[{\"@type\":\"SearchAction\",\"target\":{\"@type\":\"EntryPoint\",\"urlTemplate\":\"https:\/\/benda-interiors.com\/shop\/?s={search_term_string}\"},\"query-input\":\"required name=search_term_string\"}],\"inLanguage\":\"de\"}]}<\/script>\n<!-- \/ Yoast SEO plugin. -->","yoast_head_json":{"title":"Carbon Interior Strips Suitable for Bentley Continental GT - BENDA Interiors Shop","robots":{"index":"noindex","follow":"follow","max-snippet":"max-snippet:-1","max-image-preview":"max-image-preview:large","max-video-preview":"max-video-preview:-1"},"og_locale":"de_DE","og_type":"article","og_title":"Carbon Interior Strips Suitable for Bentley Continental GT - BENDA Interiors Shop","og_description":"Carbon Laminierung f\u00fcr Ihren Bentley.  In dem Angebot werden Ihre Orginale Interieurleisten mit echtem Carbon in der OEM Qualit\u00e4t laminiert.  Abwicklung: Sie schicken uns Ihre Interieurleisten zu oder vereinbaren ein Termin mit uns und wir \u00fcbernehmen die Montage.","og_url":"https:\/\/benda-interiors.com\/shop\/produkt\/carbon-interior-trims-suitable-for-bentley-continental-gt-i-send-my-parts-a-high-gloss-forged\/","og_site_name":"BENDA Interiors Shop","article_modified_time":"2023-09-18T13:28:58+00:00","og_image":[{"width":1600,"height":898,"url":"https:\/\/benda-interiors.com\/shop\/wp-content\/uploads\/sites\/2\/2023\/09\/IMG_1257.jpg","type":"image\/jpeg"}],"twitter_card":"summary_large_image","twitter_misc":{"Gesch\u00e4tzte Lesezeit":"1\u00a0Minute"},"schema":{"@context":"https:\/\/schema.org","@graph":[{"@type":"WebPage","@id":"https:\/\/benda-interiors.com\/shop\/produkt\/carbon-interior-trims-suitable-for-bentley-continental-gt-i-send-my-parts-a-high-gloss-forged\/","url":"https:\/\/benda-interiors.com\/shop\/produkt\/carbon-interior-trims-suitable-for-bentley-continental-gt-i-send-my-parts-a-high-gloss-forged\/","name":"Carbon Interior Strips Suitable for Bentley Continental GT - BENDA Interiors Shop","isPartOf":{"@id":"https:\/\/benda-interiors.com\/shop\/#website"},"primaryImageOfPage":{"@id":"https:\/\/benda-interiors.com\/shop\/produkt\/carbon-interior-trims-suitable-for-bentley-continental-gt-i-send-my-parts-a-high-gloss-forged\/#primaryimage"},"image":{"@id":"https:\/\/benda-interiors.com\/shop\/produkt\/carbon-interior-trims-suitable-for-bentley-continental-gt-i-send-my-parts-a-high-gloss-forged\/#primaryimage"},"thumbnailUrl":"https:\/\/benda-interiors.com\/shop\/wp-content\/uploads\/sites\/2\/2023\/09\/IMG_1257.jpg","datePublished":"2023-09-01T14:32:02+00:00","dateModified":"2023-09-18T13:28:58+00:00","breadcrumb":{"@id":"https:\/\/benda-interiors.com\/shop\/produkt\/carbon-interior-trims-suitable-for-bentley-continental-gt-i-send-my-parts-a-high-gloss-forged\/#breadcrumb"},"inLanguage":"de","potentialAction":[{"@type":"ReadAction","target":["https:\/\/benda-interiors.com\/shop\/produkt\/carbon-interior-trims-suitable-for-bentley-continental-gt-i-send-my-parts-a-high-gloss-forged\/"]}]},{"@type":"ImageObject","inLanguage":"de","@id":"https:\/\/benda-interiors.com\/shop\/produkt\/carbon-interior-trims-suitable-for-bentley-continental-gt-i-send-my-parts-a-high-gloss-forged\/#primaryimage","url":"https:\/\/benda-interiors.com\/shop\/wp-content\/uploads\/sites\/2\/2023\/09\/IMG_1257.jpg","contentUrl":"https:\/\/benda-interiors.com\/shop\/wp-content\/uploads\/sites\/2\/2023\/09\/IMG_1257.jpg","width":1600,"height":898},{"@type":"BreadcrumbList","@id":"https:\/\/benda-interiors.com\/shop\/produkt\/carbon-interior-trims-suitable-for-bentley-continental-gt-i-send-my-parts-a-high-gloss-forged\/#breadcrumb","itemListElement":[{"@type":"ListItem","position":1,"name":"Startseite","item":"https:\/\/benda-interiors.com\/shop\/"},{"@type":"ListItem","position":2,"name":"Shop","item":"https:\/\/benda-interiors.com\/shop\/"},{"@type":"ListItem","position":3,"name":"Carbon Interior Strips Suitable for Bentley Continental GT"}]},{"@type":"WebSite","@id":"https:\/\/benda-interiors.com\/shop\/#website","url":"https:\/\/benda-interiors.com\/shop\/","name":"BENDA Interiors Shop","description":"","potentialAction":[{"@type":"SearchAction","target":{"@type":"EntryPoint","urlTemplate":"https:\/\/benda-interiors.com\/shop\/?s={search_term_string}"},"query-input":"required name=search_term_string"}],"inLanguage":"de"}]}},"_links":{"self":[{"href":"https:\/\/benda-interiors.com\/shop\/wp-json\/wp\/v2\/product\/572"}],"collection":[{"href":"https:\/\/benda-interiors.com\/shop\/wp-json\/wp\/v2\/product"}],"about":[{"href":"https:\/\/benda-interiors.com\/shop\/wp-json\/wp\/v2\/types\/product"}],"replies":[{"embeddable":true,"href":"https:\/\/benda-interiors.com\/shop\/wp-json\/wp\/v2\/comments?post=572"}],"wp:featuredmedia":[{"embeddable":true,"href":"https:\/\/benda-interiors.com\/shop\/wp-json\/wp\/v2\/media\/575"}],"wp:attachment":[{"href":"https:\/\/benda-interiors.com\/shop\/wp-json\/wp\/v2\/media?parent=572"}],"wp:term":[{"taxonomy":"product_cat","embeddable":true,"href":"https:\/\/benda-interiors.com\/shop\/wp-json\/wp\/v2\/product_cat?post=572"},{"taxonomy":"product_tag","embeddable":true,"href":"https:\/\/benda-interiors.com\/shop\/wp-json\/wp\/v2\/product_tag?post=572"}],"curies":[{"name":"wp","href":"https:\/\/api.w.org\/{rel}","templated":true}]}}