{"id":624,"date":"2023-09-01T17:13:57","date_gmt":"2023-09-01T15:13:57","guid":{"rendered":"https:\/\/benda-interiors.com\/shop\/?post_type=product&#038;p=624"},"modified":"2023-09-18T15:27:38","modified_gmt":"2023-09-18T13:27:38","slug":"gutschein","status":"publish","type":"product","link":"https:\/\/benda-interiors.com\/shop\/produkt\/gutschein\/","title":{"rendered":"Gutschein"},"content":{"rendered":"Schenkt euren liebsten Gutscheine f\u00fcr unsere Leistungen ob f\u00fcr Weihnachten oder zum Geburtstag, f\u00fcr jeden Autoliebhaber haben wir den passenden Artikel.\r\n\r\nGutscheinkarte haben wir in verschiedenen Werten 50-1000\u20ac\r\n\r\nGeschenkgutschein hat kein Verfallsdatum und kann bei jedem Kauf eingel\u00f6st werden.\r\n\r\nAuszahlung nicht m\u00f6glich.","protected":false},"excerpt":{"rendered":"Schenkt euren liebsten Gutscheine f\u00fcr unsere Leistungen ob f\u00fcr Weihnachten oder zum Geburtstag, f\u00fcr jeden Autoliebhaber haben wir den passenden Artikel.\r\n\r\nGutscheinkarte haben wir in verschiedenen Werten 50-1000\u20ac\r\n\r\nGeschenkgutschein hat kein Verfallsdatum und kann bei jedem Kauf eingel\u00f6st werden.\r\n\r\nAuszahlung nicht m\u00f6glich.","protected":false},"featured_media":627,"comment_status":"open","ping_status":"closed","template":"","meta":{"_acf_changed":false},"product_cat":[29],"product_tag":[],"acf":[],"yoast_head":"<!-- This site is optimized with the Yoast SEO plugin v22.5 - https:\/\/yoast.com\/wordpress\/plugins\/seo\/ -->\n<title>Gutschein - BENDA Interiors Shop<\/title>\n<meta name=\"robots\" content=\"noindex, follow, max-snippet:-1, max-image-preview:large, max-video-preview:-1\" \/>\n<meta property=\"og:locale\" content=\"de_DE\" \/>\n<meta property=\"og:type\" content=\"article\" \/>\n<meta property=\"og:title\" content=\"Gutschein - BENDA Interiors Shop\" \/>\n<meta property=\"og:description\" content=\"Schenkt euren liebsten Gutscheine f\u00fcr unsere Leistungen ob f\u00fcr Weihnachten oder zum Geburtstag, f\u00fcr jeden Autoliebhaber haben wir den passenden Artikel.  Gutscheinkarte haben wir in verschiedenen Werten 50-1000\u20ac  Geschenkgutschein hat kein Verfallsdatum und kann bei jedem Kauf eingel\u00f6st werden.  Auszahlung nicht m\u00f6glich.\" \/>\n<meta property=\"og:url\" content=\"https:\/\/benda-interiors.com\/shop\/produkt\/gutschein\/\" \/>\n<meta property=\"og:site_name\" content=\"BENDA Interiors Shop\" \/>\n<meta property=\"article:modified_time\" content=\"2023-09-18T13:27:38+00:00\" \/>\n<meta property=\"og:image\" content=\"https:\/\/benda-interiors.com\/shop\/wp-content\/uploads\/sites\/2\/2023\/09\/IMG_9052-1.jpg\" \/>\n\t<meta property=\"og:image:width\" content=\"1600\" \/>\n\t<meta property=\"og:image:height\" content=\"898\" \/>\n\t<meta property=\"og:image:type\" content=\"image\/jpeg\" \/>\n<meta name=\"twitter:card\" content=\"summary_large_image\" \/>\n<meta name=\"twitter:label1\" content=\"Gesch\u00e4tzte Lesezeit\" \/>\n\t<meta name=\"twitter:data1\" content=\"1\u00a0Minute\" \/>\n<script type=\"application\/ld+json\" class=\"yoast-schema-graph\">{\"@context\":\"https:\/\/schema.org\",\"@graph\":[{\"@type\":\"WebPage\",\"@id\":\"https:\/\/benda-interiors.com\/shop\/produkt\/gutschein\/\",\"url\":\"https:\/\/benda-interiors.com\/shop\/produkt\/gutschein\/\",\"name\":\"Gutschein - BENDA Interiors Shop\",\"isPartOf\":{\"@id\":\"https:\/\/benda-interiors.com\/shop\/#website\"},\"primaryImageOfPage\":{\"@id\":\"https:\/\/benda-interiors.com\/shop\/produkt\/gutschein\/#primaryimage\"},\"image\":{\"@id\":\"https:\/\/benda-interiors.com\/shop\/produkt\/gutschein\/#primaryimage\"},\"thumbnailUrl\":\"https:\/\/benda-interiors.com\/shop\/wp-content\/uploads\/sites\/2\/2023\/09\/IMG_9052-1.jpg\",\"datePublished\":\"2023-09-01T15:13:57+00:00\",\"dateModified\":\"2023-09-18T13:27:38+00:00\",\"breadcrumb\":{\"@id\":\"https:\/\/benda-interiors.com\/shop\/produkt\/gutschein\/#breadcrumb\"},\"inLanguage\":\"de\",\"potentialAction\":[{\"@type\":\"ReadAction\",\"target\":[\"https:\/\/benda-interiors.com\/shop\/produkt\/gutschein\/\"]}]},{\"@type\":\"ImageObject\",\"inLanguage\":\"de\",\"@id\":\"https:\/\/benda-interiors.com\/shop\/produkt\/gutschein\/#primaryimage\",\"url\":\"https:\/\/benda-interiors.com\/shop\/wp-content\/uploads\/sites\/2\/2023\/09\/IMG_9052-1.jpg\",\"contentUrl\":\"https:\/\/benda-interiors.com\/shop\/wp-content\/uploads\/sites\/2\/2023\/09\/IMG_9052-1.jpg\",\"width\":1600,\"height\":898},{\"@type\":\"BreadcrumbList\",\"@id\":\"https:\/\/benda-interiors.com\/shop\/produkt\/gutschein\/#breadcrumb\",\"itemListElement\":[{\"@type\":\"ListItem\",\"position\":1,\"name\":\"Startseite\",\"item\":\"https:\/\/benda-interiors.com\/shop\/\"},{\"@type\":\"ListItem\",\"position\":2,\"name\":\"Shop\",\"item\":\"https:\/\/benda-interiors.com\/shop\/\"},{\"@type\":\"ListItem\",\"position\":3,\"name\":\"Gutschein\"}]},{\"@type\":\"WebSite\",\"@id\":\"https:\/\/benda-interiors.com\/shop\/#website\",\"url\":\"https:\/\/benda-interiors.com\/shop\/\",\"name\":\"BENDA Interiors Shop\",\"description\":\"\",\"potentialAction\":[{\"@type\":\"SearchAction\",\"target\":{\"@type\":\"EntryPoint\",\"urlTemplate\":\"https:\/\/benda-interiors.com\/shop\/?s={search_term_string}\"},\"query-input\":\"required name=search_term_string\"}],\"inLanguage\":\"de\"}]}<\/script>\n<!-- \/ Yoast SEO plugin. -->","yoast_head_json":{"title":"Gutschein - BENDA Interiors Shop","robots":{"index":"noindex","follow":"follow","max-snippet":"max-snippet:-1","max-image-preview":"max-image-preview:large","max-video-preview":"max-video-preview:-1"},"og_locale":"de_DE","og_type":"article","og_title":"Gutschein - BENDA Interiors Shop","og_description":"Schenkt euren liebsten Gutscheine f\u00fcr unsere Leistungen ob f\u00fcr Weihnachten oder zum Geburtstag, f\u00fcr jeden Autoliebhaber haben wir den passenden Artikel.  Gutscheinkarte haben wir in verschiedenen Werten 50-1000\u20ac  Geschenkgutschein hat kein Verfallsdatum und kann bei jedem Kauf eingel\u00f6st werden.  Auszahlung nicht m\u00f6glich.","og_url":"https:\/\/benda-interiors.com\/shop\/produkt\/gutschein\/","og_site_name":"BENDA Interiors Shop","article_modified_time":"2023-09-18T13:27:38+00:00","og_image":[{"width":1600,"height":898,"url":"https:\/\/benda-interiors.com\/shop\/wp-content\/uploads\/sites\/2\/2023\/09\/IMG_9052-1.jpg","type":"image\/jpeg"}],"twitter_card":"summary_large_image","twitter_misc":{"Gesch\u00e4tzte Lesezeit":"1\u00a0Minute"},"schema":{"@context":"https:\/\/schema.org","@graph":[{"@type":"WebPage","@id":"https:\/\/benda-interiors.com\/shop\/produkt\/gutschein\/","url":"https:\/\/benda-interiors.com\/shop\/produkt\/gutschein\/","name":"Gutschein - BENDA Interiors Shop","isPartOf":{"@id":"https:\/\/benda-interiors.com\/shop\/#website"},"primaryImageOfPage":{"@id":"https:\/\/benda-interiors.com\/shop\/produkt\/gutschein\/#primaryimage"},"image":{"@id":"https:\/\/benda-interiors.com\/shop\/produkt\/gutschein\/#primaryimage"},"thumbnailUrl":"https:\/\/benda-interiors.com\/shop\/wp-content\/uploads\/sites\/2\/2023\/09\/IMG_9052-1.jpg","datePublished":"2023-09-01T15:13:57+00:00","dateModified":"2023-09-18T13:27:38+00:00","breadcrumb":{"@id":"https:\/\/benda-interiors.com\/shop\/produkt\/gutschein\/#breadcrumb"},"inLanguage":"de","potentialAction":[{"@type":"ReadAction","target":["https:\/\/benda-interiors.com\/shop\/produkt\/gutschein\/"]}]},{"@type":"ImageObject","inLanguage":"de","@id":"https:\/\/benda-interiors.com\/shop\/produkt\/gutschein\/#primaryimage","url":"https:\/\/benda-interiors.com\/shop\/wp-content\/uploads\/sites\/2\/2023\/09\/IMG_9052-1.jpg","contentUrl":"https:\/\/benda-interiors.com\/shop\/wp-content\/uploads\/sites\/2\/2023\/09\/IMG_9052-1.jpg","width":1600,"height":898},{"@type":"BreadcrumbList","@id":"https:\/\/benda-interiors.com\/shop\/produkt\/gutschein\/#breadcrumb","itemListElement":[{"@type":"ListItem","position":1,"name":"Startseite","item":"https:\/\/benda-interiors.com\/shop\/"},{"@type":"ListItem","position":2,"name":"Shop","item":"https:\/\/benda-interiors.com\/shop\/"},{"@type":"ListItem","position":3,"name":"Gutschein"}]},{"@type":"WebSite","@id":"https:\/\/benda-interiors.com\/shop\/#website","url":"https:\/\/benda-interiors.com\/shop\/","name":"BENDA Interiors Shop","description":"","potentialAction":[{"@type":"SearchAction","target":{"@type":"EntryPoint","urlTemplate":"https:\/\/benda-interiors.com\/shop\/?s={search_term_string}"},"query-input":"required name=search_term_string"}],"inLanguage":"de"}]}},"_links":{"self":[{"href":"https:\/\/benda-interiors.com\/shop\/wp-json\/wp\/v2\/product\/624"}],"collection":[{"href":"https:\/\/benda-interiors.com\/shop\/wp-json\/wp\/v2\/product"}],"about":[{"href":"https:\/\/benda-interiors.com\/shop\/wp-json\/wp\/v2\/types\/product"}],"replies":[{"embeddable":true,"href":"https:\/\/benda-interiors.com\/shop\/wp-json\/wp\/v2\/comments?post=624"}],"wp:featuredmedia":[{"embeddable":true,"href":"https:\/\/benda-interiors.com\/shop\/wp-json\/wp\/v2\/media\/627"}],"wp:attachment":[{"href":"https:\/\/benda-interiors.com\/shop\/wp-json\/wp\/v2\/media?parent=624"}],"wp:term":[{"taxonomy":"product_cat","embeddable":true,"href":"https:\/\/benda-interiors.com\/shop\/wp-json\/wp\/v2\/product_cat?post=624"},{"taxonomy":"product_tag","embeddable":true,"href":"https:\/\/benda-interiors.com\/shop\/wp-json\/wp\/v2\/product_tag?post=624"}],"curies":[{"name":"wp","href":"https:\/\/api.w.org\/{rel}","templated":true}]}}