{"id":633,"date":"2023-09-01T17:16:35","date_gmt":"2023-09-01T15:16:35","guid":{"rendered":"https:\/\/benda-interiors.com\/shop\/?post_type=product&#038;p=633"},"modified":"2023-09-18T15:27:21","modified_gmt":"2023-09-18T13:27:21","slug":"gutschein-tasche-aus-alcantara-verpackung-fuer-briefumschlag-fuer-din-lang","status":"publish","type":"product","link":"https:\/\/benda-interiors.com\/shop\/produkt\/gutschein-tasche-aus-alcantara-verpackung-fuer-briefumschlag-fuer-din-lang\/","title":{"rendered":"Gutschein Tasche aus Alcantara, Verpackung f\u00fcr Briefumschlag f\u00fcr DIN Lang"},"content":{"rendered":"Einfach nur Geld oder einen Gutschein in einem Briefumschlag schenken ist nicht wirklich sch\u00f6n.\r\n\r\nMit der Tasche k\u00f6nnen Sie das etwas eleganter gestalten.\r\n\r\nDie Tasche ist f\u00fcr einen Briefumschalg in Gr\u00f6\u00dfe von 110x220mm gedacht, auf Wunsch liefern wir ein Briefumschlag mit.\r\n\r\nLieferumfang: eine Alcantara Gutscheintasche, der Gutschein auf dem Bild ist nur zur Showzwecken und geh\u00f6rt nicht zum Lieferumfang.\r\nMaterial: feines Alcantara in Tiefschwarz\r\nNahtfarbe: Kirschrot","protected":false},"excerpt":{"rendered":"Einfach nur Geld oder einen Gutschein in einem Briefumschlag schenken ist nicht wirklich sch\u00f6n.\r\n\r\nMit der Tasche k\u00f6nnen Sie das etwas eleganter gestalten.\r\n\r\nDie Tasche ist f\u00fcr einen Briefumschalg in Gr\u00f6\u00dfe von 110x220mm gedacht, auf Wunsch liefern wir ein Briefumschlag mit.\r\n\r\nLieferumfang: eine Alcantara Gutscheintasche, der Gutschein auf dem Bild ist nur zur Showzwecken und geh\u00f6rt nicht zum Lieferumfang.\r\nMaterial: feines Alcantara in Tiefschwarz\r\nNahtfarbe: Kirschrot","protected":false},"featured_media":640,"comment_status":"open","ping_status":"closed","template":"","meta":{"_acf_changed":false},"product_cat":[29],"product_tag":[],"acf":[],"yoast_head":"<!-- This site is optimized with the Yoast SEO plugin v22.5 - https:\/\/yoast.com\/wordpress\/plugins\/seo\/ -->\n<title>Gutschein Tasche aus Alcantara, Verpackung f\u00fcr Briefumschlag f\u00fcr DIN Lang - BENDA Interiors Shop<\/title>\n<meta name=\"robots\" content=\"noindex, follow, max-snippet:-1, max-image-preview:large, max-video-preview:-1\" \/>\n<meta property=\"og:locale\" content=\"de_DE\" \/>\n<meta property=\"og:type\" content=\"article\" \/>\n<meta property=\"og:title\" content=\"Gutschein Tasche aus Alcantara, Verpackung f\u00fcr Briefumschlag f\u00fcr DIN Lang - BENDA Interiors Shop\" \/>\n<meta property=\"og:description\" content=\"Einfach nur Geld oder einen Gutschein in einem Briefumschlag schenken ist nicht wirklich sch\u00f6n.  Mit der Tasche k\u00f6nnen Sie das etwas eleganter gestalten.  Die Tasche ist f\u00fcr einen Briefumschalg in Gr\u00f6\u00dfe von 110x220mm gedacht, auf Wunsch liefern wir ein Briefumschlag mit.  Lieferumfang: eine Alcantara Gutscheintasche, der Gutschein auf dem Bild ist nur zur Showzwecken und geh\u00f6rt nicht zum Lieferumfang. Material: feines Alcantara in Tiefschwarz Nahtfarbe: Kirschrot\" \/>\n<meta property=\"og:url\" content=\"https:\/\/benda-interiors.com\/shop\/produkt\/gutschein-tasche-aus-alcantara-verpackung-fuer-briefumschlag-fuer-din-lang\/\" \/>\n<meta property=\"og:site_name\" content=\"BENDA Interiors Shop\" \/>\n<meta property=\"article:modified_time\" content=\"2023-09-18T13:27:21+00:00\" \/>\n<meta property=\"og:image\" content=\"https:\/\/benda-interiors.com\/shop\/wp-content\/uploads\/sites\/2\/2023\/09\/IMG_5177.jpg\" \/>\n\t<meta property=\"og:image:width\" content=\"1600\" \/>\n\t<meta property=\"og:image:height\" content=\"1067\" \/>\n\t<meta property=\"og:image:type\" content=\"image\/jpeg\" \/>\n<meta name=\"twitter:card\" content=\"summary_large_image\" \/>\n<meta name=\"twitter:label1\" content=\"Gesch\u00e4tzte Lesezeit\" \/>\n\t<meta name=\"twitter:data1\" content=\"1\u00a0Minute\" \/>\n<script type=\"application\/ld+json\" class=\"yoast-schema-graph\">{\"@context\":\"https:\/\/schema.org\",\"@graph\":[{\"@type\":\"WebPage\",\"@id\":\"https:\/\/benda-interiors.com\/shop\/produkt\/gutschein-tasche-aus-alcantara-verpackung-fuer-briefumschlag-fuer-din-lang\/\",\"url\":\"https:\/\/benda-interiors.com\/shop\/produkt\/gutschein-tasche-aus-alcantara-verpackung-fuer-briefumschlag-fuer-din-lang\/\",\"name\":\"Gutschein Tasche aus Alcantara, Verpackung f\u00fcr Briefumschlag f\u00fcr DIN Lang - BENDA Interiors Shop\",\"isPartOf\":{\"@id\":\"https:\/\/benda-interiors.com\/shop\/#website\"},\"primaryImageOfPage\":{\"@id\":\"https:\/\/benda-interiors.com\/shop\/produkt\/gutschein-tasche-aus-alcantara-verpackung-fuer-briefumschlag-fuer-din-lang\/#primaryimage\"},\"image\":{\"@id\":\"https:\/\/benda-interiors.com\/shop\/produkt\/gutschein-tasche-aus-alcantara-verpackung-fuer-briefumschlag-fuer-din-lang\/#primaryimage\"},\"thumbnailUrl\":\"https:\/\/benda-interiors.com\/shop\/wp-content\/uploads\/sites\/2\/2023\/09\/IMG_5177.jpg\",\"datePublished\":\"2023-09-01T15:16:35+00:00\",\"dateModified\":\"2023-09-18T13:27:21+00:00\",\"breadcrumb\":{\"@id\":\"https:\/\/benda-interiors.com\/shop\/produkt\/gutschein-tasche-aus-alcantara-verpackung-fuer-briefumschlag-fuer-din-lang\/#breadcrumb\"},\"inLanguage\":\"de\",\"potentialAction\":[{\"@type\":\"ReadAction\",\"target\":[\"https:\/\/benda-interiors.com\/shop\/produkt\/gutschein-tasche-aus-alcantara-verpackung-fuer-briefumschlag-fuer-din-lang\/\"]}]},{\"@type\":\"ImageObject\",\"inLanguage\":\"de\",\"@id\":\"https:\/\/benda-interiors.com\/shop\/produkt\/gutschein-tasche-aus-alcantara-verpackung-fuer-briefumschlag-fuer-din-lang\/#primaryimage\",\"url\":\"https:\/\/benda-interiors.com\/shop\/wp-content\/uploads\/sites\/2\/2023\/09\/IMG_5177.jpg\",\"contentUrl\":\"https:\/\/benda-interiors.com\/shop\/wp-content\/uploads\/sites\/2\/2023\/09\/IMG_5177.jpg\",\"width\":1600,\"height\":1067},{\"@type\":\"BreadcrumbList\",\"@id\":\"https:\/\/benda-interiors.com\/shop\/produkt\/gutschein-tasche-aus-alcantara-verpackung-fuer-briefumschlag-fuer-din-lang\/#breadcrumb\",\"itemListElement\":[{\"@type\":\"ListItem\",\"position\":1,\"name\":\"Startseite\",\"item\":\"https:\/\/benda-interiors.com\/shop\/\"},{\"@type\":\"ListItem\",\"position\":2,\"name\":\"Shop\",\"item\":\"https:\/\/benda-interiors.com\/shop\/\"},{\"@type\":\"ListItem\",\"position\":3,\"name\":\"Gutschein Tasche aus Alcantara, Verpackung f\u00fcr Briefumschlag f\u00fcr DIN Lang\"}]},{\"@type\":\"WebSite\",\"@id\":\"https:\/\/benda-interiors.com\/shop\/#website\",\"url\":\"https:\/\/benda-interiors.com\/shop\/\",\"name\":\"BENDA Interiors Shop\",\"description\":\"\",\"potentialAction\":[{\"@type\":\"SearchAction\",\"target\":{\"@type\":\"EntryPoint\",\"urlTemplate\":\"https:\/\/benda-interiors.com\/shop\/?s={search_term_string}\"},\"query-input\":\"required name=search_term_string\"}],\"inLanguage\":\"de\"}]}<\/script>\n<!-- \/ Yoast SEO plugin. -->","yoast_head_json":{"title":"Gutschein Tasche aus Alcantara, Verpackung f\u00fcr Briefumschlag f\u00fcr DIN Lang - BENDA Interiors Shop","robots":{"index":"noindex","follow":"follow","max-snippet":"max-snippet:-1","max-image-preview":"max-image-preview:large","max-video-preview":"max-video-preview:-1"},"og_locale":"de_DE","og_type":"article","og_title":"Gutschein Tasche aus Alcantara, Verpackung f\u00fcr Briefumschlag f\u00fcr DIN Lang - BENDA Interiors Shop","og_description":"Einfach nur Geld oder einen Gutschein in einem Briefumschlag schenken ist nicht wirklich sch\u00f6n.  Mit der Tasche k\u00f6nnen Sie das etwas eleganter gestalten.  Die Tasche ist f\u00fcr einen Briefumschalg in Gr\u00f6\u00dfe von 110x220mm gedacht, auf Wunsch liefern wir ein Briefumschlag mit.  Lieferumfang: eine Alcantara Gutscheintasche, der Gutschein auf dem Bild ist nur zur Showzwecken und geh\u00f6rt nicht zum Lieferumfang. Material: feines Alcantara in Tiefschwarz Nahtfarbe: Kirschrot","og_url":"https:\/\/benda-interiors.com\/shop\/produkt\/gutschein-tasche-aus-alcantara-verpackung-fuer-briefumschlag-fuer-din-lang\/","og_site_name":"BENDA Interiors Shop","article_modified_time":"2023-09-18T13:27:21+00:00","og_image":[{"width":1600,"height":1067,"url":"https:\/\/benda-interiors.com\/shop\/wp-content\/uploads\/sites\/2\/2023\/09\/IMG_5177.jpg","type":"image\/jpeg"}],"twitter_card":"summary_large_image","twitter_misc":{"Gesch\u00e4tzte Lesezeit":"1\u00a0Minute"},"schema":{"@context":"https:\/\/schema.org","@graph":[{"@type":"WebPage","@id":"https:\/\/benda-interiors.com\/shop\/produkt\/gutschein-tasche-aus-alcantara-verpackung-fuer-briefumschlag-fuer-din-lang\/","url":"https:\/\/benda-interiors.com\/shop\/produkt\/gutschein-tasche-aus-alcantara-verpackung-fuer-briefumschlag-fuer-din-lang\/","name":"Gutschein Tasche aus Alcantara, Verpackung f\u00fcr Briefumschlag f\u00fcr DIN Lang - BENDA Interiors Shop","isPartOf":{"@id":"https:\/\/benda-interiors.com\/shop\/#website"},"primaryImageOfPage":{"@id":"https:\/\/benda-interiors.com\/shop\/produkt\/gutschein-tasche-aus-alcantara-verpackung-fuer-briefumschlag-fuer-din-lang\/#primaryimage"},"image":{"@id":"https:\/\/benda-interiors.com\/shop\/produkt\/gutschein-tasche-aus-alcantara-verpackung-fuer-briefumschlag-fuer-din-lang\/#primaryimage"},"thumbnailUrl":"https:\/\/benda-interiors.com\/shop\/wp-content\/uploads\/sites\/2\/2023\/09\/IMG_5177.jpg","datePublished":"2023-09-01T15:16:35+00:00","dateModified":"2023-09-18T13:27:21+00:00","breadcrumb":{"@id":"https:\/\/benda-interiors.com\/shop\/produkt\/gutschein-tasche-aus-alcantara-verpackung-fuer-briefumschlag-fuer-din-lang\/#breadcrumb"},"inLanguage":"de","potentialAction":[{"@type":"ReadAction","target":["https:\/\/benda-interiors.com\/shop\/produkt\/gutschein-tasche-aus-alcantara-verpackung-fuer-briefumschlag-fuer-din-lang\/"]}]},{"@type":"ImageObject","inLanguage":"de","@id":"https:\/\/benda-interiors.com\/shop\/produkt\/gutschein-tasche-aus-alcantara-verpackung-fuer-briefumschlag-fuer-din-lang\/#primaryimage","url":"https:\/\/benda-interiors.com\/shop\/wp-content\/uploads\/sites\/2\/2023\/09\/IMG_5177.jpg","contentUrl":"https:\/\/benda-interiors.com\/shop\/wp-content\/uploads\/sites\/2\/2023\/09\/IMG_5177.jpg","width":1600,"height":1067},{"@type":"BreadcrumbList","@id":"https:\/\/benda-interiors.com\/shop\/produkt\/gutschein-tasche-aus-alcantara-verpackung-fuer-briefumschlag-fuer-din-lang\/#breadcrumb","itemListElement":[{"@type":"ListItem","position":1,"name":"Startseite","item":"https:\/\/benda-interiors.com\/shop\/"},{"@type":"ListItem","position":2,"name":"Shop","item":"https:\/\/benda-interiors.com\/shop\/"},{"@type":"ListItem","position":3,"name":"Gutschein Tasche aus Alcantara, Verpackung f\u00fcr Briefumschlag f\u00fcr DIN Lang"}]},{"@type":"WebSite","@id":"https:\/\/benda-interiors.com\/shop\/#website","url":"https:\/\/benda-interiors.com\/shop\/","name":"BENDA Interiors Shop","description":"","potentialAction":[{"@type":"SearchAction","target":{"@type":"EntryPoint","urlTemplate":"https:\/\/benda-interiors.com\/shop\/?s={search_term_string}"},"query-input":"required name=search_term_string"}],"inLanguage":"de"}]}},"_links":{"self":[{"href":"https:\/\/benda-interiors.com\/shop\/wp-json\/wp\/v2\/product\/633"}],"collection":[{"href":"https:\/\/benda-interiors.com\/shop\/wp-json\/wp\/v2\/product"}],"about":[{"href":"https:\/\/benda-interiors.com\/shop\/wp-json\/wp\/v2\/types\/product"}],"replies":[{"embeddable":true,"href":"https:\/\/benda-interiors.com\/shop\/wp-json\/wp\/v2\/comments?post=633"}],"wp:featuredmedia":[{"embeddable":true,"href":"https:\/\/benda-interiors.com\/shop\/wp-json\/wp\/v2\/media\/640"}],"wp:attachment":[{"href":"https:\/\/benda-interiors.com\/shop\/wp-json\/wp\/v2\/media?parent=633"}],"wp:term":[{"taxonomy":"product_cat","embeddable":true,"href":"https:\/\/benda-interiors.com\/shop\/wp-json\/wp\/v2\/product_cat?post=633"},{"taxonomy":"product_tag","embeddable":true,"href":"https:\/\/benda-interiors.com\/shop\/wp-json\/wp\/v2\/product_tag?post=633"}],"curies":[{"name":"wp","href":"https:\/\/api.w.org\/{rel}","templated":true}]}}