{"id":651,"date":"2023-09-01T17:43:19","date_gmt":"2023-09-01T15:43:19","guid":{"rendered":"https:\/\/benda-interiors.com\/shop\/?post_type=product&#038;p=651"},"modified":"2023-09-18T15:26:35","modified_gmt":"2023-09-18T13:26:35","slug":"alcantara-kopfkissen-40x40","status":"publish","type":"product","link":"https:\/\/benda-interiors.com\/shop\/produkt\/alcantara-kopfkissen-40x40\/","title":{"rendered":"Alcantara Kopfkissen 40&#215;40"},"content":{"rendered":"Alcantara Kopfkissen 40x40cm\r\n\r\n100% made in Germany\r\n\r\ninkl. F\u00fcllung\r\n\r\nDoppelnaht in\r\n\r\nF\u00fcllung:\r\n\r\n&#8211; Schadstoffgepr\u00fcfte Textilien\r\n\r\n&#8211; \u00d6ko-Tex Standard 100\r\n\r\n&#8211; Test-No. SHHO 051889\r\n\r\n&#8211; 100% Baumwolle\r\n\r\n&#8211; halbwei\u00dfe G\u00e4nse- und Entenfeder","protected":false},"excerpt":{"rendered":"Alcantara Kopfkissen 40x40cm\r\n\r\n100% made in Germany\r\n\r\ninkl. F\u00fcllung\r\n\r\nDoppelnaht in\r\n\r\nF\u00fcllung:\r\n\r\n&#8211; Schadstoffgepr\u00fcfte Textilien\r\n\r\n&#8211; \u00d6ko-Tex Standard 100\r\n\r\n&#8211; Test-No. SHHO 051889\r\n\r\n&#8211; 100% Baumwolle\r\n\r\n&#8211; halbwei\u00dfe G\u00e4nse- und Entenfeder","protected":false},"featured_media":654,"comment_status":"open","ping_status":"closed","template":"","meta":{"_acf_changed":false},"product_cat":[30],"product_tag":[],"acf":[],"yoast_head":"<!-- This site is optimized with the Yoast SEO plugin v22.5 - https:\/\/yoast.com\/wordpress\/plugins\/seo\/ -->\n<title>Alcantara Kopfkissen 40x40 - BENDA Interiors Shop<\/title>\n<meta name=\"robots\" content=\"noindex, follow, max-snippet:-1, max-image-preview:large, max-video-preview:-1\" \/>\n<meta property=\"og:locale\" content=\"de_DE\" \/>\n<meta property=\"og:type\" content=\"article\" \/>\n<meta property=\"og:title\" content=\"Alcantara Kopfkissen 40x40 - BENDA Interiors Shop\" \/>\n<meta property=\"og:description\" content=\"Alcantara Kopfkissen 40x40cm  100% made in Germany  inkl. F\u00fcllung  Doppelnaht in  F\u00fcllung:  - Schadstoffgepr\u00fcfte Textilien  - \u00d6ko-Tex Standard 100  - Test-No. SHHO 051889  - 100% Baumwolle  - halbwei\u00dfe G\u00e4nse- und Entenfeder\" \/>\n<meta property=\"og:url\" content=\"https:\/\/benda-interiors.com\/shop\/produkt\/alcantara-kopfkissen-40x40\/\" \/>\n<meta property=\"og:site_name\" content=\"BENDA Interiors Shop\" \/>\n<meta property=\"article:modified_time\" content=\"2023-09-18T13:26:35+00:00\" \/>\n<meta property=\"og:image\" content=\"https:\/\/benda-interiors.com\/shop\/wp-content\/uploads\/sites\/2\/2023\/09\/IMG_6476-scaled.jpg\" \/>\n\t<meta property=\"og:image:width\" content=\"2560\" \/>\n\t<meta property=\"og:image:height\" content=\"1707\" \/>\n\t<meta property=\"og:image:type\" content=\"image\/jpeg\" \/>\n<meta name=\"twitter:card\" content=\"summary_large_image\" \/>\n<meta name=\"twitter:label1\" content=\"Gesch\u00e4tzte Lesezeit\" \/>\n\t<meta name=\"twitter:data1\" content=\"1\u00a0Minute\" \/>\n<script type=\"application\/ld+json\" class=\"yoast-schema-graph\">{\"@context\":\"https:\/\/schema.org\",\"@graph\":[{\"@type\":\"WebPage\",\"@id\":\"https:\/\/benda-interiors.com\/shop\/produkt\/alcantara-kopfkissen-40x40\/\",\"url\":\"https:\/\/benda-interiors.com\/shop\/produkt\/alcantara-kopfkissen-40x40\/\",\"name\":\"Alcantara Kopfkissen 40x40 - BENDA Interiors Shop\",\"isPartOf\":{\"@id\":\"https:\/\/benda-interiors.com\/shop\/#website\"},\"primaryImageOfPage\":{\"@id\":\"https:\/\/benda-interiors.com\/shop\/produkt\/alcantara-kopfkissen-40x40\/#primaryimage\"},\"image\":{\"@id\":\"https:\/\/benda-interiors.com\/shop\/produkt\/alcantara-kopfkissen-40x40\/#primaryimage\"},\"thumbnailUrl\":\"https:\/\/benda-interiors.com\/shop\/wp-content\/uploads\/sites\/2\/2023\/09\/IMG_6476-scaled.jpg\",\"datePublished\":\"2023-09-01T15:43:19+00:00\",\"dateModified\":\"2023-09-18T13:26:35+00:00\",\"breadcrumb\":{\"@id\":\"https:\/\/benda-interiors.com\/shop\/produkt\/alcantara-kopfkissen-40x40\/#breadcrumb\"},\"inLanguage\":\"de\",\"potentialAction\":[{\"@type\":\"ReadAction\",\"target\":[\"https:\/\/benda-interiors.com\/shop\/produkt\/alcantara-kopfkissen-40x40\/\"]}]},{\"@type\":\"ImageObject\",\"inLanguage\":\"de\",\"@id\":\"https:\/\/benda-interiors.com\/shop\/produkt\/alcantara-kopfkissen-40x40\/#primaryimage\",\"url\":\"https:\/\/benda-interiors.com\/shop\/wp-content\/uploads\/sites\/2\/2023\/09\/IMG_6476-scaled.jpg\",\"contentUrl\":\"https:\/\/benda-interiors.com\/shop\/wp-content\/uploads\/sites\/2\/2023\/09\/IMG_6476-scaled.jpg\",\"width\":2560,\"height\":1707},{\"@type\":\"BreadcrumbList\",\"@id\":\"https:\/\/benda-interiors.com\/shop\/produkt\/alcantara-kopfkissen-40x40\/#breadcrumb\",\"itemListElement\":[{\"@type\":\"ListItem\",\"position\":1,\"name\":\"Startseite\",\"item\":\"https:\/\/benda-interiors.com\/shop\/\"},{\"@type\":\"ListItem\",\"position\":2,\"name\":\"Shop\",\"item\":\"https:\/\/benda-interiors.com\/shop\/\"},{\"@type\":\"ListItem\",\"position\":3,\"name\":\"Alcantara Kopfkissen 40&#215;40\"}]},{\"@type\":\"WebSite\",\"@id\":\"https:\/\/benda-interiors.com\/shop\/#website\",\"url\":\"https:\/\/benda-interiors.com\/shop\/\",\"name\":\"BENDA Interiors Shop\",\"description\":\"\",\"potentialAction\":[{\"@type\":\"SearchAction\",\"target\":{\"@type\":\"EntryPoint\",\"urlTemplate\":\"https:\/\/benda-interiors.com\/shop\/?s={search_term_string}\"},\"query-input\":\"required name=search_term_string\"}],\"inLanguage\":\"de\"}]}<\/script>\n<!-- \/ Yoast SEO plugin. -->","yoast_head_json":{"title":"Alcantara Kopfkissen 40x40 - BENDA Interiors Shop","robots":{"index":"noindex","follow":"follow","max-snippet":"max-snippet:-1","max-image-preview":"max-image-preview:large","max-video-preview":"max-video-preview:-1"},"og_locale":"de_DE","og_type":"article","og_title":"Alcantara Kopfkissen 40x40 - BENDA Interiors Shop","og_description":"Alcantara Kopfkissen 40x40cm  100% made in Germany  inkl. F\u00fcllung  Doppelnaht in  F\u00fcllung:  - Schadstoffgepr\u00fcfte Textilien  - \u00d6ko-Tex Standard 100  - Test-No. SHHO 051889  - 100% Baumwolle  - halbwei\u00dfe G\u00e4nse- und Entenfeder","og_url":"https:\/\/benda-interiors.com\/shop\/produkt\/alcantara-kopfkissen-40x40\/","og_site_name":"BENDA Interiors Shop","article_modified_time":"2023-09-18T13:26:35+00:00","og_image":[{"width":2560,"height":1707,"url":"https:\/\/benda-interiors.com\/shop\/wp-content\/uploads\/sites\/2\/2023\/09\/IMG_6476-scaled.jpg","type":"image\/jpeg"}],"twitter_card":"summary_large_image","twitter_misc":{"Gesch\u00e4tzte Lesezeit":"1\u00a0Minute"},"schema":{"@context":"https:\/\/schema.org","@graph":[{"@type":"WebPage","@id":"https:\/\/benda-interiors.com\/shop\/produkt\/alcantara-kopfkissen-40x40\/","url":"https:\/\/benda-interiors.com\/shop\/produkt\/alcantara-kopfkissen-40x40\/","name":"Alcantara Kopfkissen 40x40 - BENDA Interiors Shop","isPartOf":{"@id":"https:\/\/benda-interiors.com\/shop\/#website"},"primaryImageOfPage":{"@id":"https:\/\/benda-interiors.com\/shop\/produkt\/alcantara-kopfkissen-40x40\/#primaryimage"},"image":{"@id":"https:\/\/benda-interiors.com\/shop\/produkt\/alcantara-kopfkissen-40x40\/#primaryimage"},"thumbnailUrl":"https:\/\/benda-interiors.com\/shop\/wp-content\/uploads\/sites\/2\/2023\/09\/IMG_6476-scaled.jpg","datePublished":"2023-09-01T15:43:19+00:00","dateModified":"2023-09-18T13:26:35+00:00","breadcrumb":{"@id":"https:\/\/benda-interiors.com\/shop\/produkt\/alcantara-kopfkissen-40x40\/#breadcrumb"},"inLanguage":"de","potentialAction":[{"@type":"ReadAction","target":["https:\/\/benda-interiors.com\/shop\/produkt\/alcantara-kopfkissen-40x40\/"]}]},{"@type":"ImageObject","inLanguage":"de","@id":"https:\/\/benda-interiors.com\/shop\/produkt\/alcantara-kopfkissen-40x40\/#primaryimage","url":"https:\/\/benda-interiors.com\/shop\/wp-content\/uploads\/sites\/2\/2023\/09\/IMG_6476-scaled.jpg","contentUrl":"https:\/\/benda-interiors.com\/shop\/wp-content\/uploads\/sites\/2\/2023\/09\/IMG_6476-scaled.jpg","width":2560,"height":1707},{"@type":"BreadcrumbList","@id":"https:\/\/benda-interiors.com\/shop\/produkt\/alcantara-kopfkissen-40x40\/#breadcrumb","itemListElement":[{"@type":"ListItem","position":1,"name":"Startseite","item":"https:\/\/benda-interiors.com\/shop\/"},{"@type":"ListItem","position":2,"name":"Shop","item":"https:\/\/benda-interiors.com\/shop\/"},{"@type":"ListItem","position":3,"name":"Alcantara Kopfkissen 40&#215;40"}]},{"@type":"WebSite","@id":"https:\/\/benda-interiors.com\/shop\/#website","url":"https:\/\/benda-interiors.com\/shop\/","name":"BENDA Interiors Shop","description":"","potentialAction":[{"@type":"SearchAction","target":{"@type":"EntryPoint","urlTemplate":"https:\/\/benda-interiors.com\/shop\/?s={search_term_string}"},"query-input":"required name=search_term_string"}],"inLanguage":"de"}]}},"_links":{"self":[{"href":"https:\/\/benda-interiors.com\/shop\/wp-json\/wp\/v2\/product\/651"}],"collection":[{"href":"https:\/\/benda-interiors.com\/shop\/wp-json\/wp\/v2\/product"}],"about":[{"href":"https:\/\/benda-interiors.com\/shop\/wp-json\/wp\/v2\/types\/product"}],"replies":[{"embeddable":true,"href":"https:\/\/benda-interiors.com\/shop\/wp-json\/wp\/v2\/comments?post=651"}],"wp:featuredmedia":[{"embeddable":true,"href":"https:\/\/benda-interiors.com\/shop\/wp-json\/wp\/v2\/media\/654"}],"wp:attachment":[{"href":"https:\/\/benda-interiors.com\/shop\/wp-json\/wp\/v2\/media?parent=651"}],"wp:term":[{"taxonomy":"product_cat","embeddable":true,"href":"https:\/\/benda-interiors.com\/shop\/wp-json\/wp\/v2\/product_cat?post=651"},{"taxonomy":"product_tag","embeddable":true,"href":"https:\/\/benda-interiors.com\/shop\/wp-json\/wp\/v2\/product_tag?post=651"}],"curies":[{"name":"wp","href":"https:\/\/api.w.org\/{rel}","templated":true}]}}