{"id":658,"date":"2023-09-01T17:52:03","date_gmt":"2023-09-01T15:52:03","guid":{"rendered":"https:\/\/benda-interiors.com\/shop\/?post_type=product&#038;p=658"},"modified":"2023-09-18T15:26:16","modified_gmt":"2023-09-18T13:26:16","slug":"kennzeichenhalter-plexiclick-durchsichtig-robust-hochwertig","status":"publish","type":"product","link":"https:\/\/benda-interiors.com\/shop\/produkt\/kennzeichenhalter-plexiclick-durchsichtig-robust-hochwertig\/","title":{"rendered":"Kennzeichenhalter Plexiclick, durchsichtig, Robust, Hochwertig"},"content":{"rendered":"Schmale Optik, kombiniert mit einem durchsichtigen Kunststoff\r\nExtrem widerstandsf\u00e4hig und bruchfest\r\nBest\u00e4ndig gegen jedes Wetter, ohne mechanische Eigenschaften zu verlieren\r\nDynamische Clips vereinfachen die Montage des Kennzeichens\r\nSauberkeit und Pflege &#8211; auch hinter dem Kennzeichen\r\nEntwickelt, designed, produziert und getestet in Deutschland.\r\n\r\nLieferumfang: Zwei Plexiclick\u00ae f\u00fcr ein Kennzeichen oder vier Plexiclick\u00ae f\u00fcr zwei Kennzeichen\r\nZus\u00e4tzlich enthalten: Bohrschrauben, Silikonpads (wie abgebildet) sowie eine ausf\u00fchrliche Montageanleitung","protected":false},"excerpt":{"rendered":"Schmale Optik, kombiniert mit einem durchsichtigen Kunststoff\r\nExtrem widerstandsf\u00e4hig und bruchfest\r\nBest\u00e4ndig gegen jedes Wetter, ohne mechanische Eigenschaften zu verlieren\r\nDynamische Clips vereinfachen die Montage des Kennzeichens\r\nSauberkeit und Pflege &#8211; auch hinter dem Kennzeichen\r\nEntwickelt, designed, produziert und getestet in Deutschland.\r\n\r\nLieferumfang: Zwei Plexiclick\u00ae f\u00fcr ein Kennzeichen oder vier Plexiclick\u00ae f\u00fcr zwei Kennzeichen\r\nZus\u00e4tzlich enthalten: Bohrschrauben, Silikonpads (wie abgebildet) sowie eine ausf\u00fchrliche Montageanleitung","protected":false},"featured_media":659,"comment_status":"open","ping_status":"closed","template":"","meta":{"_acf_changed":false},"product_cat":[30],"product_tag":[],"acf":[],"yoast_head":"<!-- This site is optimized with the Yoast SEO plugin v22.5 - https:\/\/yoast.com\/wordpress\/plugins\/seo\/ -->\n<title>Kennzeichenhalter Plexiclick, durchsichtig, Robust, Hochwertig - BENDA Interiors Shop<\/title>\n<meta name=\"robots\" content=\"noindex, follow, max-snippet:-1, max-image-preview:large, max-video-preview:-1\" \/>\n<meta property=\"og:locale\" content=\"de_DE\" \/>\n<meta property=\"og:type\" content=\"article\" \/>\n<meta property=\"og:title\" content=\"Kennzeichenhalter Plexiclick, durchsichtig, Robust, Hochwertig - BENDA Interiors Shop\" \/>\n<meta property=\"og:description\" content=\"Schmale Optik, kombiniert mit einem durchsichtigen Kunststoff Extrem widerstandsf\u00e4hig und bruchfest Best\u00e4ndig gegen jedes Wetter, ohne mechanische Eigenschaften zu verlieren Dynamische Clips vereinfachen die Montage des Kennzeichens Sauberkeit und Pflege - auch hinter dem Kennzeichen Entwickelt, designed, produziert und getestet in Deutschland.  Lieferumfang: Zwei Plexiclick\u00ae f\u00fcr ein Kennzeichen oder vier Plexiclick\u00ae f\u00fcr zwei Kennzeichen Zus\u00e4tzlich enthalten: Bohrschrauben, Silikonpads (wie abgebildet) sowie eine ausf\u00fchrliche Montageanleitung\" \/>\n<meta property=\"og:url\" content=\"https:\/\/benda-interiors.com\/shop\/produkt\/kennzeichenhalter-plexiclick-durchsichtig-robust-hochwertig\/\" \/>\n<meta property=\"og:site_name\" content=\"BENDA Interiors Shop\" \/>\n<meta property=\"article:modified_time\" content=\"2023-09-18T13:26:16+00:00\" \/>\n<meta property=\"og:image\" content=\"https:\/\/benda-interiors.com\/shop\/wp-content\/uploads\/sites\/2\/2023\/09\/halterHD_1_sq_2048x.jpg\" \/>\n\t<meta property=\"og:image:width\" content=\"1200\" \/>\n\t<meta property=\"og:image:height\" content=\"1200\" \/>\n\t<meta property=\"og:image:type\" content=\"image\/jpeg\" \/>\n<meta name=\"twitter:card\" content=\"summary_large_image\" \/>\n<meta name=\"twitter:label1\" content=\"Gesch\u00e4tzte Lesezeit\" \/>\n\t<meta name=\"twitter:data1\" content=\"1\u00a0Minute\" \/>\n<script type=\"application\/ld+json\" class=\"yoast-schema-graph\">{\"@context\":\"https:\/\/schema.org\",\"@graph\":[{\"@type\":\"WebPage\",\"@id\":\"https:\/\/benda-interiors.com\/shop\/produkt\/kennzeichenhalter-plexiclick-durchsichtig-robust-hochwertig\/\",\"url\":\"https:\/\/benda-interiors.com\/shop\/produkt\/kennzeichenhalter-plexiclick-durchsichtig-robust-hochwertig\/\",\"name\":\"Kennzeichenhalter Plexiclick, durchsichtig, Robust, Hochwertig - BENDA Interiors Shop\",\"isPartOf\":{\"@id\":\"https:\/\/benda-interiors.com\/shop\/#website\"},\"primaryImageOfPage\":{\"@id\":\"https:\/\/benda-interiors.com\/shop\/produkt\/kennzeichenhalter-plexiclick-durchsichtig-robust-hochwertig\/#primaryimage\"},\"image\":{\"@id\":\"https:\/\/benda-interiors.com\/shop\/produkt\/kennzeichenhalter-plexiclick-durchsichtig-robust-hochwertig\/#primaryimage\"},\"thumbnailUrl\":\"https:\/\/benda-interiors.com\/shop\/wp-content\/uploads\/sites\/2\/2023\/09\/halterHD_1_sq_2048x.jpg\",\"datePublished\":\"2023-09-01T15:52:03+00:00\",\"dateModified\":\"2023-09-18T13:26:16+00:00\",\"breadcrumb\":{\"@id\":\"https:\/\/benda-interiors.com\/shop\/produkt\/kennzeichenhalter-plexiclick-durchsichtig-robust-hochwertig\/#breadcrumb\"},\"inLanguage\":\"de\",\"potentialAction\":[{\"@type\":\"ReadAction\",\"target\":[\"https:\/\/benda-interiors.com\/shop\/produkt\/kennzeichenhalter-plexiclick-durchsichtig-robust-hochwertig\/\"]}]},{\"@type\":\"ImageObject\",\"inLanguage\":\"de\",\"@id\":\"https:\/\/benda-interiors.com\/shop\/produkt\/kennzeichenhalter-plexiclick-durchsichtig-robust-hochwertig\/#primaryimage\",\"url\":\"https:\/\/benda-interiors.com\/shop\/wp-content\/uploads\/sites\/2\/2023\/09\/halterHD_1_sq_2048x.jpg\",\"contentUrl\":\"https:\/\/benda-interiors.com\/shop\/wp-content\/uploads\/sites\/2\/2023\/09\/halterHD_1_sq_2048x.jpg\",\"width\":1200,\"height\":1200},{\"@type\":\"BreadcrumbList\",\"@id\":\"https:\/\/benda-interiors.com\/shop\/produkt\/kennzeichenhalter-plexiclick-durchsichtig-robust-hochwertig\/#breadcrumb\",\"itemListElement\":[{\"@type\":\"ListItem\",\"position\":1,\"name\":\"Startseite\",\"item\":\"https:\/\/benda-interiors.com\/shop\/\"},{\"@type\":\"ListItem\",\"position\":2,\"name\":\"Shop\",\"item\":\"https:\/\/benda-interiors.com\/shop\/\"},{\"@type\":\"ListItem\",\"position\":3,\"name\":\"Kennzeichenhalter Plexiclick, durchsichtig, Robust, Hochwertig\"}]},{\"@type\":\"WebSite\",\"@id\":\"https:\/\/benda-interiors.com\/shop\/#website\",\"url\":\"https:\/\/benda-interiors.com\/shop\/\",\"name\":\"BENDA Interiors Shop\",\"description\":\"\",\"potentialAction\":[{\"@type\":\"SearchAction\",\"target\":{\"@type\":\"EntryPoint\",\"urlTemplate\":\"https:\/\/benda-interiors.com\/shop\/?s={search_term_string}\"},\"query-input\":\"required name=search_term_string\"}],\"inLanguage\":\"de\"}]}<\/script>\n<!-- \/ Yoast SEO plugin. -->","yoast_head_json":{"title":"Kennzeichenhalter Plexiclick, durchsichtig, Robust, Hochwertig - BENDA Interiors Shop","robots":{"index":"noindex","follow":"follow","max-snippet":"max-snippet:-1","max-image-preview":"max-image-preview:large","max-video-preview":"max-video-preview:-1"},"og_locale":"de_DE","og_type":"article","og_title":"Kennzeichenhalter Plexiclick, durchsichtig, Robust, Hochwertig - BENDA Interiors Shop","og_description":"Schmale Optik, kombiniert mit einem durchsichtigen Kunststoff Extrem widerstandsf\u00e4hig und bruchfest Best\u00e4ndig gegen jedes Wetter, ohne mechanische Eigenschaften zu verlieren Dynamische Clips vereinfachen die Montage des Kennzeichens Sauberkeit und Pflege - auch hinter dem Kennzeichen Entwickelt, designed, produziert und getestet in Deutschland.  Lieferumfang: Zwei Plexiclick\u00ae f\u00fcr ein Kennzeichen oder vier Plexiclick\u00ae f\u00fcr zwei Kennzeichen Zus\u00e4tzlich enthalten: Bohrschrauben, Silikonpads (wie abgebildet) sowie eine ausf\u00fchrliche Montageanleitung","og_url":"https:\/\/benda-interiors.com\/shop\/produkt\/kennzeichenhalter-plexiclick-durchsichtig-robust-hochwertig\/","og_site_name":"BENDA Interiors Shop","article_modified_time":"2023-09-18T13:26:16+00:00","og_image":[{"width":1200,"height":1200,"url":"https:\/\/benda-interiors.com\/shop\/wp-content\/uploads\/sites\/2\/2023\/09\/halterHD_1_sq_2048x.jpg","type":"image\/jpeg"}],"twitter_card":"summary_large_image","twitter_misc":{"Gesch\u00e4tzte Lesezeit":"1\u00a0Minute"},"schema":{"@context":"https:\/\/schema.org","@graph":[{"@type":"WebPage","@id":"https:\/\/benda-interiors.com\/shop\/produkt\/kennzeichenhalter-plexiclick-durchsichtig-robust-hochwertig\/","url":"https:\/\/benda-interiors.com\/shop\/produkt\/kennzeichenhalter-plexiclick-durchsichtig-robust-hochwertig\/","name":"Kennzeichenhalter Plexiclick, durchsichtig, Robust, Hochwertig - BENDA Interiors Shop","isPartOf":{"@id":"https:\/\/benda-interiors.com\/shop\/#website"},"primaryImageOfPage":{"@id":"https:\/\/benda-interiors.com\/shop\/produkt\/kennzeichenhalter-plexiclick-durchsichtig-robust-hochwertig\/#primaryimage"},"image":{"@id":"https:\/\/benda-interiors.com\/shop\/produkt\/kennzeichenhalter-plexiclick-durchsichtig-robust-hochwertig\/#primaryimage"},"thumbnailUrl":"https:\/\/benda-interiors.com\/shop\/wp-content\/uploads\/sites\/2\/2023\/09\/halterHD_1_sq_2048x.jpg","datePublished":"2023-09-01T15:52:03+00:00","dateModified":"2023-09-18T13:26:16+00:00","breadcrumb":{"@id":"https:\/\/benda-interiors.com\/shop\/produkt\/kennzeichenhalter-plexiclick-durchsichtig-robust-hochwertig\/#breadcrumb"},"inLanguage":"de","potentialAction":[{"@type":"ReadAction","target":["https:\/\/benda-interiors.com\/shop\/produkt\/kennzeichenhalter-plexiclick-durchsichtig-robust-hochwertig\/"]}]},{"@type":"ImageObject","inLanguage":"de","@id":"https:\/\/benda-interiors.com\/shop\/produkt\/kennzeichenhalter-plexiclick-durchsichtig-robust-hochwertig\/#primaryimage","url":"https:\/\/benda-interiors.com\/shop\/wp-content\/uploads\/sites\/2\/2023\/09\/halterHD_1_sq_2048x.jpg","contentUrl":"https:\/\/benda-interiors.com\/shop\/wp-content\/uploads\/sites\/2\/2023\/09\/halterHD_1_sq_2048x.jpg","width":1200,"height":1200},{"@type":"BreadcrumbList","@id":"https:\/\/benda-interiors.com\/shop\/produkt\/kennzeichenhalter-plexiclick-durchsichtig-robust-hochwertig\/#breadcrumb","itemListElement":[{"@type":"ListItem","position":1,"name":"Startseite","item":"https:\/\/benda-interiors.com\/shop\/"},{"@type":"ListItem","position":2,"name":"Shop","item":"https:\/\/benda-interiors.com\/shop\/"},{"@type":"ListItem","position":3,"name":"Kennzeichenhalter Plexiclick, durchsichtig, Robust, Hochwertig"}]},{"@type":"WebSite","@id":"https:\/\/benda-interiors.com\/shop\/#website","url":"https:\/\/benda-interiors.com\/shop\/","name":"BENDA Interiors Shop","description":"","potentialAction":[{"@type":"SearchAction","target":{"@type":"EntryPoint","urlTemplate":"https:\/\/benda-interiors.com\/shop\/?s={search_term_string}"},"query-input":"required name=search_term_string"}],"inLanguage":"de"}]}},"_links":{"self":[{"href":"https:\/\/benda-interiors.com\/shop\/wp-json\/wp\/v2\/product\/658"}],"collection":[{"href":"https:\/\/benda-interiors.com\/shop\/wp-json\/wp\/v2\/product"}],"about":[{"href":"https:\/\/benda-interiors.com\/shop\/wp-json\/wp\/v2\/types\/product"}],"replies":[{"embeddable":true,"href":"https:\/\/benda-interiors.com\/shop\/wp-json\/wp\/v2\/comments?post=658"}],"wp:featuredmedia":[{"embeddable":true,"href":"https:\/\/benda-interiors.com\/shop\/wp-json\/wp\/v2\/media\/659"}],"wp:attachment":[{"href":"https:\/\/benda-interiors.com\/shop\/wp-json\/wp\/v2\/media?parent=658"}],"wp:term":[{"taxonomy":"product_cat","embeddable":true,"href":"https:\/\/benda-interiors.com\/shop\/wp-json\/wp\/v2\/product_cat?post=658"},{"taxonomy":"product_tag","embeddable":true,"href":"https:\/\/benda-interiors.com\/shop\/wp-json\/wp\/v2\/product_tag?post=658"}],"curies":[{"name":"wp","href":"https:\/\/api.w.org\/{rel}","templated":true}]}}