{"id":736,"date":"2023-10-19T16:02:26","date_gmt":"2023-10-19T14:02:26","guid":{"rendered":"https:\/\/benda-interiors.com\/shop\/?post_type=product&#038;p=736"},"modified":"2024-01-24T10:39:19","modified_gmt":"2024-01-24T09:39:19","slug":"fast-car","status":"publish","type":"product","link":"https:\/\/benda-interiors.com\/shop\/produkt\/fast-car\/","title":{"rendered":"BMW Schwarze Exterior"},"content":{"rendered":"Die ma\u00dfgeschneiderte schwarze Au\u00dfenlackierung verleiht dem Fahrzeug eine zeitlose Eleganz und einen Hauch von Luxus. Mit ihrem tiefen, gl\u00e4nzenden Schwarz zieht diese Lackierung alle Blicke auf sich und verleiht dem Auto eine edle und stilvolle Optik. Schwarz ist eine Farbe, die Kraft und Raffinesse ausstrahlt, und passt zu verschiedenen Fahrzeugtypen, von sportlichen Modellen bis zu eleganten Limousinen. Diese individuelle Lackierung verleiht dem Fahrzeug eine einzigartige Pers\u00f6nlichkeit und unterstreicht seinen anspruchsvollen Charakter.","protected":false},"excerpt":{"rendered":"Die ma\u00dfgeschneiderte schwarze Au\u00dfenlackierung verleiht dem Fahrzeug eine zeitlose Eleganz und einen Hauch von Luxus. Mit ihrem tiefen, gl\u00e4nzenden Schwarz zieht diese Lackierung alle Blicke auf sich und verleiht dem Auto eine edle und stilvolle Optik. Schwarz ist eine Farbe, die Kraft und Raffinesse ausstrahlt, und passt zu verschiedenen Fahrzeugtypen, von sportlichen Modellen bis zu [&hellip;]","protected":false},"featured_media":164,"comment_status":"open","ping_status":"closed","template":"","meta":{"_acf_changed":false},"product_cat":[71,162],"product_tag":[],"acf":[],"yoast_head":"<!-- This site is optimized with the Yoast SEO plugin v22.5 - https:\/\/yoast.com\/wordpress\/plugins\/seo\/ -->\n<title>BMW Schwarze Exterior - BENDA Interiors Shop<\/title>\n<meta name=\"robots\" content=\"noindex, follow, max-snippet:-1, max-image-preview:large, max-video-preview:-1\" \/>\n<meta property=\"og:locale\" content=\"de_DE\" \/>\n<meta property=\"og:type\" content=\"article\" \/>\n<meta property=\"og:title\" content=\"BMW Schwarze Exterior - BENDA Interiors Shop\" \/>\n<meta property=\"og:description\" content=\"Die ma\u00dfgeschneiderte schwarze Au\u00dfenlackierung verleiht dem Fahrzeug eine zeitlose Eleganz und einen Hauch von Luxus. Mit ihrem tiefen, gl\u00e4nzenden Schwarz zieht diese Lackierung alle Blicke auf sich und verleiht dem Auto eine edle und stilvolle Optik. Schwarz ist eine Farbe, die Kraft und Raffinesse ausstrahlt, und passt zu verschiedenen Fahrzeugtypen, von sportlichen Modellen bis zu [&hellip;]\" \/>\n<meta property=\"og:url\" content=\"https:\/\/benda-interiors.com\/shop\/produkt\/fast-car\/\" \/>\n<meta property=\"og:site_name\" content=\"BENDA Interiors Shop\" \/>\n<meta property=\"article:modified_time\" content=\"2024-01-24T09:39:19+00:00\" \/>\n<meta property=\"og:image\" content=\"https:\/\/benda-interiors.com\/shop\/wp-content\/uploads\/sites\/2\/2023\/08\/Benda-BMW-M3-Competition-2023-Insta-Post-5-e1693322392821.jpg\" \/>\n\t<meta property=\"og:image:width\" content=\"1080\" \/>\n\t<meta property=\"og:image:height\" content=\"623\" \/>\n\t<meta property=\"og:image:type\" content=\"image\/jpeg\" \/>\n<meta name=\"twitter:card\" content=\"summary_large_image\" \/>\n<meta name=\"twitter:label1\" content=\"Gesch\u00e4tzte Lesezeit\" \/>\n\t<meta name=\"twitter:data1\" content=\"1\u00a0Minute\" \/>\n<script type=\"application\/ld+json\" class=\"yoast-schema-graph\">{\"@context\":\"https:\/\/schema.org\",\"@graph\":[{\"@type\":\"WebPage\",\"@id\":\"https:\/\/benda-interiors.com\/shop\/produkt\/fast-car\/\",\"url\":\"https:\/\/benda-interiors.com\/shop\/produkt\/fast-car\/\",\"name\":\"BMW Schwarze Exterior - BENDA Interiors Shop\",\"isPartOf\":{\"@id\":\"https:\/\/benda-interiors.com\/shop\/#website\"},\"primaryImageOfPage\":{\"@id\":\"https:\/\/benda-interiors.com\/shop\/produkt\/fast-car\/#primaryimage\"},\"image\":{\"@id\":\"https:\/\/benda-interiors.com\/shop\/produkt\/fast-car\/#primaryimage\"},\"thumbnailUrl\":\"https:\/\/benda-interiors.com\/shop\/wp-content\/uploads\/sites\/2\/2023\/08\/Benda-BMW-M3-Competition-2023-Insta-Post-5-e1693322392821.jpg\",\"datePublished\":\"2023-10-19T14:02:26+00:00\",\"dateModified\":\"2024-01-24T09:39:19+00:00\",\"breadcrumb\":{\"@id\":\"https:\/\/benda-interiors.com\/shop\/produkt\/fast-car\/#breadcrumb\"},\"inLanguage\":\"de\",\"potentialAction\":[{\"@type\":\"ReadAction\",\"target\":[\"https:\/\/benda-interiors.com\/shop\/produkt\/fast-car\/\"]}]},{\"@type\":\"ImageObject\",\"inLanguage\":\"de\",\"@id\":\"https:\/\/benda-interiors.com\/shop\/produkt\/fast-car\/#primaryimage\",\"url\":\"https:\/\/benda-interiors.com\/shop\/wp-content\/uploads\/sites\/2\/2023\/08\/Benda-BMW-M3-Competition-2023-Insta-Post-5-e1693322392821.jpg\",\"contentUrl\":\"https:\/\/benda-interiors.com\/shop\/wp-content\/uploads\/sites\/2\/2023\/08\/Benda-BMW-M3-Competition-2023-Insta-Post-5-e1693322392821.jpg\",\"width\":1080,\"height\":623},{\"@type\":\"BreadcrumbList\",\"@id\":\"https:\/\/benda-interiors.com\/shop\/produkt\/fast-car\/#breadcrumb\",\"itemListElement\":[{\"@type\":\"ListItem\",\"position\":1,\"name\":\"Startseite\",\"item\":\"https:\/\/benda-interiors.com\/shop\/\"},{\"@type\":\"ListItem\",\"position\":2,\"name\":\"Shop\",\"item\":\"https:\/\/benda-interiors.com\/shop\/\"},{\"@type\":\"ListItem\",\"position\":3,\"name\":\"BMW Schwarze Exterior\"}]},{\"@type\":\"WebSite\",\"@id\":\"https:\/\/benda-interiors.com\/shop\/#website\",\"url\":\"https:\/\/benda-interiors.com\/shop\/\",\"name\":\"BENDA Interiors Shop\",\"description\":\"\",\"potentialAction\":[{\"@type\":\"SearchAction\",\"target\":{\"@type\":\"EntryPoint\",\"urlTemplate\":\"https:\/\/benda-interiors.com\/shop\/?s={search_term_string}\"},\"query-input\":\"required name=search_term_string\"}],\"inLanguage\":\"de\"}]}<\/script>\n<!-- \/ Yoast SEO plugin. -->","yoast_head_json":{"title":"BMW Schwarze Exterior - BENDA Interiors Shop","robots":{"index":"noindex","follow":"follow","max-snippet":"max-snippet:-1","max-image-preview":"max-image-preview:large","max-video-preview":"max-video-preview:-1"},"og_locale":"de_DE","og_type":"article","og_title":"BMW Schwarze Exterior - BENDA Interiors Shop","og_description":"Die ma\u00dfgeschneiderte schwarze Au\u00dfenlackierung verleiht dem Fahrzeug eine zeitlose Eleganz und einen Hauch von Luxus. Mit ihrem tiefen, gl\u00e4nzenden Schwarz zieht diese Lackierung alle Blicke auf sich und verleiht dem Auto eine edle und stilvolle Optik. Schwarz ist eine Farbe, die Kraft und Raffinesse ausstrahlt, und passt zu verschiedenen Fahrzeugtypen, von sportlichen Modellen bis zu [&hellip;]","og_url":"https:\/\/benda-interiors.com\/shop\/produkt\/fast-car\/","og_site_name":"BENDA Interiors Shop","article_modified_time":"2024-01-24T09:39:19+00:00","og_image":[{"width":1080,"height":623,"url":"https:\/\/benda-interiors.com\/shop\/wp-content\/uploads\/sites\/2\/2023\/08\/Benda-BMW-M3-Competition-2023-Insta-Post-5-e1693322392821.jpg","type":"image\/jpeg"}],"twitter_card":"summary_large_image","twitter_misc":{"Gesch\u00e4tzte Lesezeit":"1\u00a0Minute"},"schema":{"@context":"https:\/\/schema.org","@graph":[{"@type":"WebPage","@id":"https:\/\/benda-interiors.com\/shop\/produkt\/fast-car\/","url":"https:\/\/benda-interiors.com\/shop\/produkt\/fast-car\/","name":"BMW Schwarze Exterior - BENDA Interiors Shop","isPartOf":{"@id":"https:\/\/benda-interiors.com\/shop\/#website"},"primaryImageOfPage":{"@id":"https:\/\/benda-interiors.com\/shop\/produkt\/fast-car\/#primaryimage"},"image":{"@id":"https:\/\/benda-interiors.com\/shop\/produkt\/fast-car\/#primaryimage"},"thumbnailUrl":"https:\/\/benda-interiors.com\/shop\/wp-content\/uploads\/sites\/2\/2023\/08\/Benda-BMW-M3-Competition-2023-Insta-Post-5-e1693322392821.jpg","datePublished":"2023-10-19T14:02:26+00:00","dateModified":"2024-01-24T09:39:19+00:00","breadcrumb":{"@id":"https:\/\/benda-interiors.com\/shop\/produkt\/fast-car\/#breadcrumb"},"inLanguage":"de","potentialAction":[{"@type":"ReadAction","target":["https:\/\/benda-interiors.com\/shop\/produkt\/fast-car\/"]}]},{"@type":"ImageObject","inLanguage":"de","@id":"https:\/\/benda-interiors.com\/shop\/produkt\/fast-car\/#primaryimage","url":"https:\/\/benda-interiors.com\/shop\/wp-content\/uploads\/sites\/2\/2023\/08\/Benda-BMW-M3-Competition-2023-Insta-Post-5-e1693322392821.jpg","contentUrl":"https:\/\/benda-interiors.com\/shop\/wp-content\/uploads\/sites\/2\/2023\/08\/Benda-BMW-M3-Competition-2023-Insta-Post-5-e1693322392821.jpg","width":1080,"height":623},{"@type":"BreadcrumbList","@id":"https:\/\/benda-interiors.com\/shop\/produkt\/fast-car\/#breadcrumb","itemListElement":[{"@type":"ListItem","position":1,"name":"Startseite","item":"https:\/\/benda-interiors.com\/shop\/"},{"@type":"ListItem","position":2,"name":"Shop","item":"https:\/\/benda-interiors.com\/shop\/"},{"@type":"ListItem","position":3,"name":"BMW Schwarze Exterior"}]},{"@type":"WebSite","@id":"https:\/\/benda-interiors.com\/shop\/#website","url":"https:\/\/benda-interiors.com\/shop\/","name":"BENDA Interiors Shop","description":"","potentialAction":[{"@type":"SearchAction","target":{"@type":"EntryPoint","urlTemplate":"https:\/\/benda-interiors.com\/shop\/?s={search_term_string}"},"query-input":"required name=search_term_string"}],"inLanguage":"de"}]}},"_links":{"self":[{"href":"https:\/\/benda-interiors.com\/shop\/wp-json\/wp\/v2\/product\/736"}],"collection":[{"href":"https:\/\/benda-interiors.com\/shop\/wp-json\/wp\/v2\/product"}],"about":[{"href":"https:\/\/benda-interiors.com\/shop\/wp-json\/wp\/v2\/types\/product"}],"replies":[{"embeddable":true,"href":"https:\/\/benda-interiors.com\/shop\/wp-json\/wp\/v2\/comments?post=736"}],"wp:featuredmedia":[{"embeddable":true,"href":"https:\/\/benda-interiors.com\/shop\/wp-json\/wp\/v2\/media\/164"}],"wp:attachment":[{"href":"https:\/\/benda-interiors.com\/shop\/wp-json\/wp\/v2\/media?parent=736"}],"wp:term":[{"taxonomy":"product_cat","embeddable":true,"href":"https:\/\/benda-interiors.com\/shop\/wp-json\/wp\/v2\/product_cat?post=736"},{"taxonomy":"product_tag","embeddable":true,"href":"https:\/\/benda-interiors.com\/shop\/wp-json\/wp\/v2\/product_tag?post=736"}],"curies":[{"name":"wp","href":"https:\/\/api.w.org\/{rel}","templated":true}]}}