{"id":743,"date":"2023-10-27T10:16:20","date_gmt":"2023-10-27T08:16:20","guid":{"rendered":"https:\/\/benda-interiors.com\/shop\/?post_type=product&#038;p=743"},"modified":"2024-02-13T16:42:03","modified_gmt":"2024-02-13T15:42:03","slug":"bmw-schwarz-interior","status":"publish","type":"product","link":"https:\/\/benda-interiors.com\/shop\/produkt\/bmw-schwarz-interior\/","title":{"rendered":"BMW schwarz Interior"},"content":{"rendered":"","protected":false},"excerpt":{"rendered":"\u201cDas schwarze Luxusinterieur verleiht diesem Fahrzeug einen Hauch von Raffinesse und Eleganz. Die sorgf\u00e4ltig ausgew\u00e4hlten Materialien und die pr\u00e4zise Handwerkskunst schaffen eine exklusive Umgebung, die den h\u00f6chsten Anspr\u00fcchen an Komfort und Stil gerecht wird. Die feinen Details, von den schwarzen Ledersitzen bis zu den edlen Akzenten, verleihen dem Innenraum eine zeitlose Sch\u00f6nheit. Ob Sie lange Strecken fahren oder kurze Fahrten genie\u00dfen, dieses luxuri\u00f6se schwarze Interieur bietet Ihnen ein unvergleichliches Fahrerlebnis.\u201d","protected":false},"featured_media":116,"comment_status":"open","ping_status":"closed","template":"","meta":{"_acf_changed":false},"product_cat":[71,161,162,163,164,165,166,167,168,169],"product_tag":[],"acf":[],"yoast_head":"<!-- This site is optimized with the Yoast SEO plugin v22.5 - https:\/\/yoast.com\/wordpress\/plugins\/seo\/ -->\n<title>BMW schwarz Interior - BENDA Interiors Shop<\/title>\n<meta name=\"robots\" content=\"noindex, follow, max-snippet:-1, max-image-preview:large, max-video-preview:-1\" \/>\n<meta property=\"og:locale\" content=\"de_DE\" \/>\n<meta property=\"og:type\" content=\"article\" \/>\n<meta property=\"og:title\" content=\"BMW schwarz Interior - BENDA Interiors Shop\" \/>\n<meta property=\"og:description\" content=\"\u201cDas schwarze Luxusinterieur verleiht diesem Fahrzeug einen Hauch von Raffinesse und Eleganz. Die sorgf\u00e4ltig ausgew\u00e4hlten Materialien und die pr\u00e4zise Handwerkskunst schaffen eine exklusive Umgebung, die den h\u00f6chsten Anspr\u00fcchen an Komfort und Stil gerecht wird. Die feinen Details, von den schwarzen Ledersitzen bis zu den edlen Akzenten, verleihen dem Innenraum eine zeitlose Sch\u00f6nheit. Ob Sie lange Strecken fahren oder kurze Fahrten genie\u00dfen, dieses luxuri\u00f6se schwarze Interieur bietet Ihnen ein unvergleichliches Fahrerlebnis.\u201d\" \/>\n<meta property=\"og:url\" content=\"https:\/\/benda-interiors.com\/shop\/produkt\/bmw-schwarz-interior\/\" \/>\n<meta property=\"og:site_name\" content=\"BENDA Interiors Shop\" \/>\n<meta property=\"article:modified_time\" content=\"2024-02-13T15:42:03+00:00\" \/>\n<meta property=\"og:image\" content=\"https:\/\/benda-interiors.com\/shop\/wp-content\/uploads\/sites\/2\/2023\/08\/A7403110-1-scaled.jpg\" \/>\n\t<meta property=\"og:image:width\" content=\"2560\" \/>\n\t<meta property=\"og:image:height\" content=\"1707\" \/>\n\t<meta property=\"og:image:type\" content=\"image\/jpeg\" \/>\n<meta name=\"twitter:card\" content=\"summary_large_image\" \/>\n<meta name=\"twitter:label1\" content=\"Gesch\u00e4tzte Lesezeit\" \/>\n\t<meta name=\"twitter:data1\" content=\"1\u00a0Minute\" \/>\n<script type=\"application\/ld+json\" class=\"yoast-schema-graph\">{\"@context\":\"https:\/\/schema.org\",\"@graph\":[{\"@type\":\"WebPage\",\"@id\":\"https:\/\/benda-interiors.com\/shop\/produkt\/bmw-schwarz-interior\/\",\"url\":\"https:\/\/benda-interiors.com\/shop\/produkt\/bmw-schwarz-interior\/\",\"name\":\"BMW schwarz Interior - BENDA Interiors Shop\",\"isPartOf\":{\"@id\":\"https:\/\/benda-interiors.com\/shop\/#website\"},\"primaryImageOfPage\":{\"@id\":\"https:\/\/benda-interiors.com\/shop\/produkt\/bmw-schwarz-interior\/#primaryimage\"},\"image\":{\"@id\":\"https:\/\/benda-interiors.com\/shop\/produkt\/bmw-schwarz-interior\/#primaryimage\"},\"thumbnailUrl\":\"https:\/\/benda-interiors.com\/shop\/wp-content\/uploads\/sites\/2\/2023\/08\/A7403110-1-scaled.jpg\",\"datePublished\":\"2023-10-27T08:16:20+00:00\",\"dateModified\":\"2024-02-13T15:42:03+00:00\",\"breadcrumb\":{\"@id\":\"https:\/\/benda-interiors.com\/shop\/produkt\/bmw-schwarz-interior\/#breadcrumb\"},\"inLanguage\":\"de\",\"potentialAction\":[{\"@type\":\"ReadAction\",\"target\":[\"https:\/\/benda-interiors.com\/shop\/produkt\/bmw-schwarz-interior\/\"]}]},{\"@type\":\"ImageObject\",\"inLanguage\":\"de\",\"@id\":\"https:\/\/benda-interiors.com\/shop\/produkt\/bmw-schwarz-interior\/#primaryimage\",\"url\":\"https:\/\/benda-interiors.com\/shop\/wp-content\/uploads\/sites\/2\/2023\/08\/A7403110-1-scaled.jpg\",\"contentUrl\":\"https:\/\/benda-interiors.com\/shop\/wp-content\/uploads\/sites\/2\/2023\/08\/A7403110-1-scaled.jpg\",\"width\":2560,\"height\":1707},{\"@type\":\"BreadcrumbList\",\"@id\":\"https:\/\/benda-interiors.com\/shop\/produkt\/bmw-schwarz-interior\/#breadcrumb\",\"itemListElement\":[{\"@type\":\"ListItem\",\"position\":1,\"name\":\"Startseite\",\"item\":\"https:\/\/benda-interiors.com\/shop\/\"},{\"@type\":\"ListItem\",\"position\":2,\"name\":\"Shop\",\"item\":\"https:\/\/benda-interiors.com\/shop\/\"},{\"@type\":\"ListItem\",\"position\":3,\"name\":\"BMW schwarz Interior\"}]},{\"@type\":\"WebSite\",\"@id\":\"https:\/\/benda-interiors.com\/shop\/#website\",\"url\":\"https:\/\/benda-interiors.com\/shop\/\",\"name\":\"BENDA Interiors Shop\",\"description\":\"\",\"potentialAction\":[{\"@type\":\"SearchAction\",\"target\":{\"@type\":\"EntryPoint\",\"urlTemplate\":\"https:\/\/benda-interiors.com\/shop\/?s={search_term_string}\"},\"query-input\":\"required name=search_term_string\"}],\"inLanguage\":\"de\"}]}<\/script>\n<!-- \/ Yoast SEO plugin. -->","yoast_head_json":{"title":"BMW schwarz Interior - BENDA Interiors Shop","robots":{"index":"noindex","follow":"follow","max-snippet":"max-snippet:-1","max-image-preview":"max-image-preview:large","max-video-preview":"max-video-preview:-1"},"og_locale":"de_DE","og_type":"article","og_title":"BMW schwarz Interior - BENDA Interiors Shop","og_description":"\u201cDas schwarze Luxusinterieur verleiht diesem Fahrzeug einen Hauch von Raffinesse und Eleganz. Die sorgf\u00e4ltig ausgew\u00e4hlten Materialien und die pr\u00e4zise Handwerkskunst schaffen eine exklusive Umgebung, die den h\u00f6chsten Anspr\u00fcchen an Komfort und Stil gerecht wird. Die feinen Details, von den schwarzen Ledersitzen bis zu den edlen Akzenten, verleihen dem Innenraum eine zeitlose Sch\u00f6nheit. Ob Sie lange Strecken fahren oder kurze Fahrten genie\u00dfen, dieses luxuri\u00f6se schwarze Interieur bietet Ihnen ein unvergleichliches Fahrerlebnis.\u201d","og_url":"https:\/\/benda-interiors.com\/shop\/produkt\/bmw-schwarz-interior\/","og_site_name":"BENDA Interiors Shop","article_modified_time":"2024-02-13T15:42:03+00:00","og_image":[{"width":2560,"height":1707,"url":"https:\/\/benda-interiors.com\/shop\/wp-content\/uploads\/sites\/2\/2023\/08\/A7403110-1-scaled.jpg","type":"image\/jpeg"}],"twitter_card":"summary_large_image","twitter_misc":{"Gesch\u00e4tzte Lesezeit":"1\u00a0Minute"},"schema":{"@context":"https:\/\/schema.org","@graph":[{"@type":"WebPage","@id":"https:\/\/benda-interiors.com\/shop\/produkt\/bmw-schwarz-interior\/","url":"https:\/\/benda-interiors.com\/shop\/produkt\/bmw-schwarz-interior\/","name":"BMW schwarz Interior - BENDA Interiors Shop","isPartOf":{"@id":"https:\/\/benda-interiors.com\/shop\/#website"},"primaryImageOfPage":{"@id":"https:\/\/benda-interiors.com\/shop\/produkt\/bmw-schwarz-interior\/#primaryimage"},"image":{"@id":"https:\/\/benda-interiors.com\/shop\/produkt\/bmw-schwarz-interior\/#primaryimage"},"thumbnailUrl":"https:\/\/benda-interiors.com\/shop\/wp-content\/uploads\/sites\/2\/2023\/08\/A7403110-1-scaled.jpg","datePublished":"2023-10-27T08:16:20+00:00","dateModified":"2024-02-13T15:42:03+00:00","breadcrumb":{"@id":"https:\/\/benda-interiors.com\/shop\/produkt\/bmw-schwarz-interior\/#breadcrumb"},"inLanguage":"de","potentialAction":[{"@type":"ReadAction","target":["https:\/\/benda-interiors.com\/shop\/produkt\/bmw-schwarz-interior\/"]}]},{"@type":"ImageObject","inLanguage":"de","@id":"https:\/\/benda-interiors.com\/shop\/produkt\/bmw-schwarz-interior\/#primaryimage","url":"https:\/\/benda-interiors.com\/shop\/wp-content\/uploads\/sites\/2\/2023\/08\/A7403110-1-scaled.jpg","contentUrl":"https:\/\/benda-interiors.com\/shop\/wp-content\/uploads\/sites\/2\/2023\/08\/A7403110-1-scaled.jpg","width":2560,"height":1707},{"@type":"BreadcrumbList","@id":"https:\/\/benda-interiors.com\/shop\/produkt\/bmw-schwarz-interior\/#breadcrumb","itemListElement":[{"@type":"ListItem","position":1,"name":"Startseite","item":"https:\/\/benda-interiors.com\/shop\/"},{"@type":"ListItem","position":2,"name":"Shop","item":"https:\/\/benda-interiors.com\/shop\/"},{"@type":"ListItem","position":3,"name":"BMW schwarz Interior"}]},{"@type":"WebSite","@id":"https:\/\/benda-interiors.com\/shop\/#website","url":"https:\/\/benda-interiors.com\/shop\/","name":"BENDA Interiors Shop","description":"","potentialAction":[{"@type":"SearchAction","target":{"@type":"EntryPoint","urlTemplate":"https:\/\/benda-interiors.com\/shop\/?s={search_term_string}"},"query-input":"required name=search_term_string"}],"inLanguage":"de"}]}},"_links":{"self":[{"href":"https:\/\/benda-interiors.com\/shop\/wp-json\/wp\/v2\/product\/743"}],"collection":[{"href":"https:\/\/benda-interiors.com\/shop\/wp-json\/wp\/v2\/product"}],"about":[{"href":"https:\/\/benda-interiors.com\/shop\/wp-json\/wp\/v2\/types\/product"}],"replies":[{"embeddable":true,"href":"https:\/\/benda-interiors.com\/shop\/wp-json\/wp\/v2\/comments?post=743"}],"wp:featuredmedia":[{"embeddable":true,"href":"https:\/\/benda-interiors.com\/shop\/wp-json\/wp\/v2\/media\/116"}],"wp:attachment":[{"href":"https:\/\/benda-interiors.com\/shop\/wp-json\/wp\/v2\/media?parent=743"}],"wp:term":[{"taxonomy":"product_cat","embeddable":true,"href":"https:\/\/benda-interiors.com\/shop\/wp-json\/wp\/v2\/product_cat?post=743"},{"taxonomy":"product_tag","embeddable":true,"href":"https:\/\/benda-interiors.com\/shop\/wp-json\/wp\/v2\/product_tag?post=743"}],"curies":[{"name":"wp","href":"https:\/\/api.w.org\/{rel}","templated":true}]}}